{"id":1587,"date":"2023-11-15T21:35:24","date_gmt":"2023-11-15T21:35:24","guid":{"rendered":"https:\/\/rzrfactory.com\/product\/insignia-personalizada-para-palanca-de-cambios-de-2-manos"},"modified":"2023-11-15T21:35:24","modified_gmt":"2023-11-15T21:35:24","slug":"insignia-personalizada-para-palanca-de-cambios-de-2-manos","status":"publish","type":"product","link":"https:\/\/rzrfactory.com\/es\/product\/insignia-personalizada-para-palanca-de-cambios-de-2-manos","title":{"rendered":"Insignia personalizada para palanca de cambios de 2 manos"},"content":{"rendered":"<p>Este producto est\u00e1 dise\u00f1ado para personas que compraron un autom\u00f3vil con una de nuestras palancas de cambio o adquirieron una palanca de cambios de otra persona. Si prefiere no tener el nombre del propietario anterior en la insignia, la soluci\u00f3n es una nueva insignia.<\/p>\n<p>El n\u00famero de serie seguir\u00e1 siendo el mismo, con la adici\u00f3n de \u00ab.1\u00bb que indica que usted es el segundo propietario de la palanca de cambios.<\/p>\n","protected":false},"excerpt":{"rendered":"<p>Este producto est\u00e1 dise\u00f1ado para personas que compraron un autom\u00f3vil  [&#8230;]<\/p>\n","protected":false},"featured_media":496,"template":"","meta":[],"product_brand":[],"product_cat":[28],"product_tag":[67,61,62,66,68,64,69,60,63,65],"class_list":{"0":"post-1587","1":"product","2":"type-product","3":"status-publish","4":"has-post-thumbnail","6":"product_cat-sin-categorizar","7":"product_tag-accesorios-de-coche","8":"product_tag-accesorios-unicos-para-el-coche","9":"product_tag-actualizaciones-automotrices","10":"product_tag-equipo-personalizado","11":"product_tag-insignia-de-palanca-de-cambios","12":"product_tag-insignia-de-segundo-propietario","13":"product_tag-palanca-de-cambios-rzr","14":"product_tag-personalizacion-de-la-palanca-de-cambios","15":"product_tag-personalizacion-del-numero-de-serie","16":"product_tag-personalizacion-del-pomo-del-cambio","18":"first","19":"outofstock","20":"virtual","21":"purchasable","22":"product-type-simple"},"yoast_head":"<!-- This site is optimized with the Yoast SEO plugin v26.7 - https:\/\/yoast.com\/wordpress\/plugins\/seo\/ -->\n<title>Insignia personalizada para palanca de cambios de 2 manos - RzR Factory<\/title>\n<meta name=\"description\" content=\"Mejora tu palanca de cambios RzR con una nueva insignia. Perfecto para segundos propietarios que prefieren un toque personalizado. Mantenga el n\u00famero de serie con un identificador \u00fanico &quot;.1&quot;\" \/>\n<meta name=\"robots\" content=\"index, follow, max-snippet:-1, max-image-preview:large, max-video-preview:-1\" \/>\n<link rel=\"canonical\" href=\"https:\/\/rzrfactory.com\/es\/product\/insignia-personalizada-para-palanca-de-cambios-de-2-manos\" \/>\n<meta property=\"og:locale\" content=\"es_ES\" \/>\n<meta property=\"og:type\" content=\"article\" \/>\n<meta property=\"og:title\" content=\"Insignia personalizada para palanca de cambios de 2 manos - RzR Factory\" \/>\n<meta property=\"og:description\" content=\"Mejora tu palanca de cambios RzR con una nueva insignia. Perfecto para segundos propietarios que prefieren un toque personalizado. Mantenga el n\u00famero de serie con un identificador \u00fanico &quot;.1&quot;\" \/>\n<meta property=\"og:url\" content=\"https:\/\/rzrfactory.com\/es\/product\/insignia-personalizada-para-palanca-de-cambios-de-2-manos\" \/>\n<meta property=\"og:site_name\" content=\"RzR Factory\" \/>\n<meta property=\"article:publisher\" content=\"https:\/\/www.facebook.com\/rzrfactory\/\" \/>\n<meta property=\"og:image\" content=\"https:\/\/rzrfactory.com\/wp-content\/uploads\/2022\/02\/RzR_Shifter_Details_1920-4.jpg\" \/>\n\t<meta property=\"og:image:width\" content=\"1920\" \/>\n\t<meta property=\"og:image:height\" content=\"1277\" \/>\n\t<meta property=\"og:image:type\" content=\"image\/jpeg\" \/>\n<meta name=\"twitter:card\" content=\"summary_large_image\" \/>\n<script type=\"application\/ld+json\" class=\"yoast-schema-graph\">{\"@context\":\"https:\/\/schema.org\",\"@graph\":[{\"@type\":\"WebPage\",\"@id\":\"https:\/\/rzrfactory.com\/es\/product\/insignia-personalizada-para-palanca-de-cambios-de-2-manos\",\"url\":\"https:\/\/rzrfactory.com\/es\/product\/insignia-personalizada-para-palanca-de-cambios-de-2-manos\",\"name\":\"Insignia personalizada para palanca de cambios de 2 manos - RzR Factory\",\"isPartOf\":{\"@id\":\"https:\/\/rzrfactory.com\/es#website\"},\"primaryImageOfPage\":{\"@id\":\"https:\/\/rzrfactory.com\/es\/product\/insignia-personalizada-para-palanca-de-cambios-de-2-manos#primaryimage\"},\"image\":{\"@id\":\"https:\/\/rzrfactory.com\/es\/product\/insignia-personalizada-para-palanca-de-cambios-de-2-manos#primaryimage\"},\"thumbnailUrl\":\"https:\/\/rzrfactory.com\/wp-content\/uploads\/2022\/02\/RzR_Shifter_Details_1920-4.jpg\",\"datePublished\":\"2023-11-15T21:35:24+00:00\",\"description\":\"Mejora tu palanca de cambios RzR con una nueva insignia. Perfecto para segundos propietarios que prefieren un toque personalizado. Mantenga el n\u00famero de serie con un identificador \u00fanico \\\".1\\\"\",\"breadcrumb\":{\"@id\":\"https:\/\/rzrfactory.com\/es\/product\/insignia-personalizada-para-palanca-de-cambios-de-2-manos#breadcrumb\"},\"inLanguage\":\"es\",\"potentialAction\":[{\"@type\":\"ReadAction\",\"target\":[\"https:\/\/rzrfactory.com\/es\/product\/insignia-personalizada-para-palanca-de-cambios-de-2-manos\"]}]},{\"@type\":\"ImageObject\",\"inLanguage\":\"es\",\"@id\":\"https:\/\/rzrfactory.com\/es\/product\/insignia-personalizada-para-palanca-de-cambios-de-2-manos#primaryimage\",\"url\":\"https:\/\/rzrfactory.com\/wp-content\/uploads\/2022\/02\/RzR_Shifter_Details_1920-4.jpg\",\"contentUrl\":\"https:\/\/rzrfactory.com\/wp-content\/uploads\/2022\/02\/RzR_Shifter_Details_1920-4.jpg\",\"width\":1920,\"height\":1277,\"caption\":\"detail RzR Performance shifter MR2\"},{\"@type\":\"BreadcrumbList\",\"@id\":\"https:\/\/rzrfactory.com\/es\/product\/insignia-personalizada-para-palanca-de-cambios-de-2-manos#breadcrumb\",\"itemListElement\":[{\"@type\":\"ListItem\",\"position\":1,\"name\":\"Home\",\"item\":\"https:\/\/rzrfactory.com\/es\/home\"},{\"@type\":\"ListItem\",\"position\":2,\"name\":\"Tienda\",\"item\":\"https:\/\/rzrfactory.com\/es\/tienda\"},{\"@type\":\"ListItem\",\"position\":3,\"name\":\"Insignia personalizada para palanca de cambios de 2 manos\"}]},{\"@type\":\"WebSite\",\"@id\":\"https:\/\/rzrfactory.com\/es#website\",\"url\":\"https:\/\/rzrfactory.com\/es\",\"name\":\"RzR Factory\",\"description\":\"RzR Performance makes shifters for Toyota Corolla, MR2, Celica, Vitz and Yaris.\",\"publisher\":{\"@id\":\"https:\/\/rzrfactory.com\/es#organization\"},\"potentialAction\":[{\"@type\":\"SearchAction\",\"target\":{\"@type\":\"EntryPoint\",\"urlTemplate\":\"https:\/\/rzrfactory.com\/es?s={search_term_string}\"},\"query-input\":{\"@type\":\"PropertyValueSpecification\",\"valueRequired\":true,\"valueName\":\"search_term_string\"}}],\"inLanguage\":\"es\"},{\"@type\":\"Organization\",\"@id\":\"https:\/\/rzrfactory.com\/es#organization\",\"name\":\"RzR Performance\",\"url\":\"https:\/\/rzrfactory.com\/es\",\"logo\":{\"@type\":\"ImageObject\",\"inLanguage\":\"es\",\"@id\":\"https:\/\/rzrfactory.com\/es#\/schema\/logo\/image\/\",\"url\":\"https:\/\/rzrfactory.com\/wp-content\/uploads\/2022\/02\/RzR-Performance-Logo-400.png\",\"contentUrl\":\"https:\/\/rzrfactory.com\/wp-content\/uploads\/2022\/02\/RzR-Performance-Logo-400.png\",\"width\":399,\"height\":195,\"caption\":\"RzR Performance\"},\"image\":{\"@id\":\"https:\/\/rzrfactory.com\/es#\/schema\/logo\/image\/\"},\"sameAs\":[\"https:\/\/www.facebook.com\/rzrfactory\/\",\"https:\/\/www.instagram.com\/rzamorarojas\/\"]}]}<\/script>\n<!-- \/ Yoast SEO plugin. -->","yoast_head_json":{"title":"Insignia personalizada para palanca de cambios de 2 manos - RzR Factory","description":"Mejora tu palanca de cambios RzR con una nueva insignia. Perfecto para segundos propietarios que prefieren un toque personalizado. Mantenga el n\u00famero de serie con un identificador \u00fanico \".1\"","robots":{"index":"index","follow":"follow","max-snippet":"max-snippet:-1","max-image-preview":"max-image-preview:large","max-video-preview":"max-video-preview:-1"},"canonical":"https:\/\/rzrfactory.com\/es\/product\/insignia-personalizada-para-palanca-de-cambios-de-2-manos","og_locale":"es_ES","og_type":"article","og_title":"Insignia personalizada para palanca de cambios de 2 manos - RzR Factory","og_description":"Mejora tu palanca de cambios RzR con una nueva insignia. Perfecto para segundos propietarios que prefieren un toque personalizado. Mantenga el n\u00famero de serie con un identificador \u00fanico \".1\"","og_url":"https:\/\/rzrfactory.com\/es\/product\/insignia-personalizada-para-palanca-de-cambios-de-2-manos","og_site_name":"RzR Factory","article_publisher":"https:\/\/www.facebook.com\/rzrfactory\/","og_image":[{"width":1920,"height":1277,"url":"https:\/\/rzrfactory.com\/wp-content\/uploads\/2022\/02\/RzR_Shifter_Details_1920-4.jpg","type":"image\/jpeg"}],"twitter_card":"summary_large_image","schema":{"@context":"https:\/\/schema.org","@graph":[{"@type":"WebPage","@id":"https:\/\/rzrfactory.com\/es\/product\/insignia-personalizada-para-palanca-de-cambios-de-2-manos","url":"https:\/\/rzrfactory.com\/es\/product\/insignia-personalizada-para-palanca-de-cambios-de-2-manos","name":"Insignia personalizada para palanca de cambios de 2 manos - RzR Factory","isPartOf":{"@id":"https:\/\/rzrfactory.com\/es#website"},"primaryImageOfPage":{"@id":"https:\/\/rzrfactory.com\/es\/product\/insignia-personalizada-para-palanca-de-cambios-de-2-manos#primaryimage"},"image":{"@id":"https:\/\/rzrfactory.com\/es\/product\/insignia-personalizada-para-palanca-de-cambios-de-2-manos#primaryimage"},"thumbnailUrl":"https:\/\/rzrfactory.com\/wp-content\/uploads\/2022\/02\/RzR_Shifter_Details_1920-4.jpg","datePublished":"2023-11-15T21:35:24+00:00","description":"Mejora tu palanca de cambios RzR con una nueva insignia. Perfecto para segundos propietarios que prefieren un toque personalizado. Mantenga el n\u00famero de serie con un identificador \u00fanico \".1\"","breadcrumb":{"@id":"https:\/\/rzrfactory.com\/es\/product\/insignia-personalizada-para-palanca-de-cambios-de-2-manos#breadcrumb"},"inLanguage":"es","potentialAction":[{"@type":"ReadAction","target":["https:\/\/rzrfactory.com\/es\/product\/insignia-personalizada-para-palanca-de-cambios-de-2-manos"]}]},{"@type":"ImageObject","inLanguage":"es","@id":"https:\/\/rzrfactory.com\/es\/product\/insignia-personalizada-para-palanca-de-cambios-de-2-manos#primaryimage","url":"https:\/\/rzrfactory.com\/wp-content\/uploads\/2022\/02\/RzR_Shifter_Details_1920-4.jpg","contentUrl":"https:\/\/rzrfactory.com\/wp-content\/uploads\/2022\/02\/RzR_Shifter_Details_1920-4.jpg","width":1920,"height":1277,"caption":"detail RzR Performance shifter MR2"},{"@type":"BreadcrumbList","@id":"https:\/\/rzrfactory.com\/es\/product\/insignia-personalizada-para-palanca-de-cambios-de-2-manos#breadcrumb","itemListElement":[{"@type":"ListItem","position":1,"name":"Home","item":"https:\/\/rzrfactory.com\/es\/home"},{"@type":"ListItem","position":2,"name":"Tienda","item":"https:\/\/rzrfactory.com\/es\/tienda"},{"@type":"ListItem","position":3,"name":"Insignia personalizada para palanca de cambios de 2 manos"}]},{"@type":"WebSite","@id":"https:\/\/rzrfactory.com\/es#website","url":"https:\/\/rzrfactory.com\/es","name":"RzR Factory","description":"RzR Performance makes shifters for Toyota Corolla, MR2, Celica, Vitz and Yaris.","publisher":{"@id":"https:\/\/rzrfactory.com\/es#organization"},"potentialAction":[{"@type":"SearchAction","target":{"@type":"EntryPoint","urlTemplate":"https:\/\/rzrfactory.com\/es?s={search_term_string}"},"query-input":{"@type":"PropertyValueSpecification","valueRequired":true,"valueName":"search_term_string"}}],"inLanguage":"es"},{"@type":"Organization","@id":"https:\/\/rzrfactory.com\/es#organization","name":"RzR Performance","url":"https:\/\/rzrfactory.com\/es","logo":{"@type":"ImageObject","inLanguage":"es","@id":"https:\/\/rzrfactory.com\/es#\/schema\/logo\/image\/","url":"https:\/\/rzrfactory.com\/wp-content\/uploads\/2022\/02\/RzR-Performance-Logo-400.png","contentUrl":"https:\/\/rzrfactory.com\/wp-content\/uploads\/2022\/02\/RzR-Performance-Logo-400.png","width":399,"height":195,"caption":"RzR Performance"},"image":{"@id":"https:\/\/rzrfactory.com\/es#\/schema\/logo\/image\/"},"sameAs":["https:\/\/www.facebook.com\/rzrfactory\/","https:\/\/www.instagram.com\/rzamorarojas\/"]}]}},"jetpack_sharing_enabled":true,"_links":{"self":[{"href":"https:\/\/rzrfactory.com\/es\/wp-json\/wp\/v2\/product\/1587","targetHints":{"allow":["GET"]}}],"collection":[{"href":"https:\/\/rzrfactory.com\/es\/wp-json\/wp\/v2\/product"}],"about":[{"href":"https:\/\/rzrfactory.com\/es\/wp-json\/wp\/v2\/types\/product"}],"wp:featuredmedia":[{"embeddable":true,"href":"https:\/\/rzrfactory.com\/es\/wp-json\/wp\/v2\/media\/496"}],"wp:attachment":[{"href":"https:\/\/rzrfactory.com\/es\/wp-json\/wp\/v2\/media?parent=1587"}],"wp:term":[{"taxonomy":"product_brand","embeddable":true,"href":"https:\/\/rzrfactory.com\/es\/wp-json\/wp\/v2\/product_brand?post=1587"},{"taxonomy":"product_cat","embeddable":true,"href":"https:\/\/rzrfactory.com\/es\/wp-json\/wp\/v2\/product_cat?post=1587"},{"taxonomy":"product_tag","embeddable":true,"href":"https:\/\/rzrfactory.com\/es\/wp-json\/wp\/v2\/product_tag?post=1587"}],"curies":[{"name":"wp","href":"https:\/\/api.w.org\/{rel}","templated":true}]}}