{"id":1362,"date":"2022-05-31T22:19:24","date_gmt":"2022-05-31T22:19:24","guid":{"rendered":"https:\/\/rzrfactory.com\/product\/palo-de-altura-ajustable-para-la-palanca-de-cambios"},"modified":"2024-01-05T11:53:38","modified_gmt":"2024-01-05T11:53:38","slug":"adjustable-shifter-stick","status":"publish","type":"product","link":"https:\/\/rzrfactory.com\/es\/product\/adjustable-shifter-stick","title":{"rendered":"Palo de altura ajustable para la palanca de cambios"},"content":{"rendered":"<p>El palo de altura ajustable RzR le permite ajustar la altura de la palanca de cambios en 70 mm. Esto significa que, en lugar de los +100 mm fijos de las palancas de cambio RzR, ahora puede pasar de +30 mm a +100 mm tomando como referencia la palanca de cambios OEM.<\/p>\n<p>Esto es especialmente \u00fatil para las personas que desean mantener un aspecto m\u00e1s OEM de su interior o desean unos recorridos a\u00fan m\u00e1s corto.<\/p>\n<p>Si lo pide junto con una palanca de cambios, ya estar\u00e1 instalada en la palanca de cambios, pero si ya tiene una palanca de cambios y desea pedir solo esta pieza, tu deber\u00e1 cortar el palo de tu palanca de cambios (se incluir\u00e1n las instrucciones) (el pomo no se incluye si solo compras este producto)<\/p>\n<p>&nbsp;<\/p>\n","protected":false},"excerpt":{"rendered":"<p>El palo de altura ajustable RzR est\u00e1 dise\u00f1ada para permitirle ajustar la altura de las palancas de cambios RzR.<\/p>\n<p>[fusion_fontawesome icon=\"fa-check-circle fas\" size=\"20\" flip=\"\" rotate=\"\" spin=\"no\" link=\"\" linktarget=\"_self\" alignment_medium=\"\" alignment_small=\"\" alignment=\"\" hide_on_mobile=\"small-visibility,medium-visibility,large-visibility\" sticky_display=\"normal,sticky\" class=\"\" id=\"\" margin_top=\"\" margin_right=\"\" margin_bottom=\"\" margin_left=\"\" iconcolor_hover=\"\" hue=\"\" saturation=\"\" lightness=\"\" alpha=\"\" iconcolor=\"#00bc06\" circle=\"no\" bg_size=\"-1\" circlecolor_hover=\"\" circlecolor=\"\" circlebordersize=\"\" circlebordercolor_hover=\"\" circlebordercolor=\"\" border_radius_top_left=\"\" border_radius_top_right=\"\" border_radius_bottom_right=\"\" border_radius_bottom_left=\"\" icon_hover_type=\"\" animation_type=\"\" animation_direction=\"left\" animation_color=\"\" animation_speed=\"0.3\" animation_delay=\"0\" animation_offset=\"\"][\/fusion_fontawesome]Producto <span style=\"color: #00ba00\">en Stock<\/span><\/p>\n","protected":false},"featured_media":1361,"template":"","meta":[],"product_brand":[],"product_cat":[28],"product_tag":[],"class_list":{"0":"post-1362","1":"product","2":"type-product","3":"status-publish","4":"has-post-thumbnail","6":"product_cat-sin-categorizar","7":"product_shipping_class-big-box-es","9":"first","10":"instock","11":"shipping-taxable","12":"purchasable","13":"product-type-simple"},"yoast_head":"<!-- This site is optimized with the Yoast SEO plugin v26.7 - https:\/\/yoast.com\/wordpress\/plugins\/seo\/ -->\n<title>Palo de altura ajustable para la palanca de cambios - RzR Factory<\/title>\n<meta name=\"description\" content=\"El palo de altura ajustable RzR est\u00e1 dise\u00f1ada para permitirle ajustar la altura de las palancas de cambios RzR.\" \/>\n<meta name=\"robots\" content=\"index, follow, max-snippet:-1, max-image-preview:large, max-video-preview:-1\" \/>\n<link rel=\"canonical\" href=\"https:\/\/rzrfactory.com\/es\/product\/adjustable-shifter-stick\" \/>\n<meta property=\"og:locale\" content=\"es_ES\" \/>\n<meta property=\"og:type\" content=\"article\" \/>\n<meta property=\"og:title\" content=\"Palo de altura ajustable para la palanca de cambios - RzR Factory\" \/>\n<meta property=\"og:description\" content=\"El palo de altura ajustable RzR est\u00e1 dise\u00f1ada para permitirle ajustar la altura de las palancas de cambios RzR.\" \/>\n<meta property=\"og:url\" content=\"https:\/\/rzrfactory.com\/es\/product\/adjustable-shifter-stick\" \/>\n<meta property=\"og:site_name\" content=\"RzR Factory\" \/>\n<meta property=\"article:publisher\" content=\"https:\/\/www.facebook.com\/rzrfactory\/\" \/>\n<meta property=\"article:modified_time\" content=\"2024-01-05T11:53:38+00:00\" \/>\n<meta property=\"og:image\" content=\"https:\/\/rzrfactory.com\/wp-content\/uploads\/2022\/05\/2022-05-31-18.10.06-1024x768.jpg\" \/>\n<meta name=\"twitter:card\" content=\"summary_large_image\" \/>\n<meta name=\"twitter:title\" content=\"Palo de altura ajustable para la palanca de cambios - RzR Factory\" \/>\n<meta name=\"twitter:description\" content=\"El palo de altura ajustable RzR est\u00e1 dise\u00f1ada para permitirle ajustar la altura de las palancas de cambios RzR.\" \/>\n<meta name=\"twitter:image\" content=\"https:\/\/rzrfactory.com\/wp-content\/uploads\/2022\/05\/2022-05-31-18.10.06-1024x768.jpg\" \/>\n<meta name=\"twitter:label1\" content=\"Tiempo de lectura\" \/>\n\t<meta name=\"twitter:data1\" content=\"1 minuto\" \/>\n<script type=\"application\/ld+json\" class=\"yoast-schema-graph\">{\"@context\":\"https:\/\/schema.org\",\"@graph\":[{\"@type\":\"WebPage\",\"@id\":\"https:\/\/rzrfactory.com\/es\/product\/adjustable-shifter-stick\",\"url\":\"https:\/\/rzrfactory.com\/es\/product\/adjustable-shifter-stick\",\"name\":\"Palo de altura ajustable para la palanca de cambios - RzR Factory\",\"isPartOf\":{\"@id\":\"https:\/\/rzrfactory.com\/es#website\"},\"primaryImageOfPage\":{\"@id\":\"https:\/\/rzrfactory.com\/es\/product\/adjustable-shifter-stick#primaryimage\"},\"image\":{\"@id\":\"https:\/\/rzrfactory.com\/es\/product\/adjustable-shifter-stick#primaryimage\"},\"thumbnailUrl\":\"https:\/\/rzrfactory.com\/wp-content\/uploads\/2022\/05\/RzR_Shifter_Adjustable_Stick_1920.jpg\",\"datePublished\":\"2022-05-31T22:19:24+00:00\",\"dateModified\":\"2024-01-05T11:53:38+00:00\",\"description\":\"El palo de altura ajustable RzR est\u00e1 dise\u00f1ada para permitirle ajustar la altura de las palancas de cambios RzR.\",\"breadcrumb\":{\"@id\":\"https:\/\/rzrfactory.com\/es\/product\/adjustable-shifter-stick#breadcrumb\"},\"inLanguage\":\"es\",\"potentialAction\":[{\"@type\":\"ReadAction\",\"target\":[\"https:\/\/rzrfactory.com\/es\/product\/adjustable-shifter-stick\"]}]},{\"@type\":\"ImageObject\",\"inLanguage\":\"es\",\"@id\":\"https:\/\/rzrfactory.com\/es\/product\/adjustable-shifter-stick#primaryimage\",\"url\":\"https:\/\/rzrfactory.com\/wp-content\/uploads\/2022\/05\/RzR_Shifter_Adjustable_Stick_1920.jpg\",\"contentUrl\":\"https:\/\/rzrfactory.com\/wp-content\/uploads\/2022\/05\/RzR_Shifter_Adjustable_Stick_1920.jpg\",\"width\":1920,\"height\":1277,\"caption\":\"RzR Shifter Adjustable Stick\"},{\"@type\":\"BreadcrumbList\",\"@id\":\"https:\/\/rzrfactory.com\/es\/product\/adjustable-shifter-stick#breadcrumb\",\"itemListElement\":[{\"@type\":\"ListItem\",\"position\":1,\"name\":\"Home\",\"item\":\"https:\/\/rzrfactory.com\/es\/home\"},{\"@type\":\"ListItem\",\"position\":2,\"name\":\"Tienda\",\"item\":\"https:\/\/rzrfactory.com\/es\/tienda\"},{\"@type\":\"ListItem\",\"position\":3,\"name\":\"Palo de altura ajustable para la palanca de cambios\"}]},{\"@type\":\"WebSite\",\"@id\":\"https:\/\/rzrfactory.com\/es#website\",\"url\":\"https:\/\/rzrfactory.com\/es\",\"name\":\"RzR Factory\",\"description\":\"RzR Performance makes shifters for Toyota Corolla, MR2, Celica, Vitz and Yaris.\",\"publisher\":{\"@id\":\"https:\/\/rzrfactory.com\/es#organization\"},\"potentialAction\":[{\"@type\":\"SearchAction\",\"target\":{\"@type\":\"EntryPoint\",\"urlTemplate\":\"https:\/\/rzrfactory.com\/es?s={search_term_string}\"},\"query-input\":{\"@type\":\"PropertyValueSpecification\",\"valueRequired\":true,\"valueName\":\"search_term_string\"}}],\"inLanguage\":\"es\"},{\"@type\":\"Organization\",\"@id\":\"https:\/\/rzrfactory.com\/es#organization\",\"name\":\"RzR Performance\",\"url\":\"https:\/\/rzrfactory.com\/es\",\"logo\":{\"@type\":\"ImageObject\",\"inLanguage\":\"es\",\"@id\":\"https:\/\/rzrfactory.com\/es#\/schema\/logo\/image\/\",\"url\":\"https:\/\/rzrfactory.com\/wp-content\/uploads\/2022\/02\/RzR-Performance-Logo-400.png\",\"contentUrl\":\"https:\/\/rzrfactory.com\/wp-content\/uploads\/2022\/02\/RzR-Performance-Logo-400.png\",\"width\":399,\"height\":195,\"caption\":\"RzR Performance\"},\"image\":{\"@id\":\"https:\/\/rzrfactory.com\/es#\/schema\/logo\/image\/\"},\"sameAs\":[\"https:\/\/www.facebook.com\/rzrfactory\/\",\"https:\/\/www.instagram.com\/rzamorarojas\/\"]}]}<\/script>\n<!-- \/ Yoast SEO plugin. -->","yoast_head_json":{"title":"Palo de altura ajustable para la palanca de cambios - RzR Factory","description":"El palo de altura ajustable RzR est\u00e1 dise\u00f1ada para permitirle ajustar la altura de las palancas de cambios RzR.","robots":{"index":"index","follow":"follow","max-snippet":"max-snippet:-1","max-image-preview":"max-image-preview:large","max-video-preview":"max-video-preview:-1"},"canonical":"https:\/\/rzrfactory.com\/es\/product\/adjustable-shifter-stick","og_locale":"es_ES","og_type":"article","og_title":"Palo de altura ajustable para la palanca de cambios - RzR Factory","og_description":"El palo de altura ajustable RzR est\u00e1 dise\u00f1ada para permitirle ajustar la altura de las palancas de cambios RzR.","og_url":"https:\/\/rzrfactory.com\/es\/product\/adjustable-shifter-stick","og_site_name":"RzR Factory","article_publisher":"https:\/\/www.facebook.com\/rzrfactory\/","article_modified_time":"2024-01-05T11:53:38+00:00","og_image":[{"url":"https:\/\/rzrfactory.com\/wp-content\/uploads\/2022\/05\/2022-05-31-18.10.06-1024x768.jpg","type":"","width":"","height":""}],"twitter_card":"summary_large_image","twitter_title":"Palo de altura ajustable para la palanca de cambios - RzR Factory","twitter_description":"El palo de altura ajustable RzR est\u00e1 dise\u00f1ada para permitirle ajustar la altura de las palancas de cambios RzR.","twitter_image":"https:\/\/rzrfactory.com\/wp-content\/uploads\/2022\/05\/2022-05-31-18.10.06-1024x768.jpg","twitter_misc":{"Tiempo de lectura":"1 minuto"},"schema":{"@context":"https:\/\/schema.org","@graph":[{"@type":"WebPage","@id":"https:\/\/rzrfactory.com\/es\/product\/adjustable-shifter-stick","url":"https:\/\/rzrfactory.com\/es\/product\/adjustable-shifter-stick","name":"Palo de altura ajustable para la palanca de cambios - RzR Factory","isPartOf":{"@id":"https:\/\/rzrfactory.com\/es#website"},"primaryImageOfPage":{"@id":"https:\/\/rzrfactory.com\/es\/product\/adjustable-shifter-stick#primaryimage"},"image":{"@id":"https:\/\/rzrfactory.com\/es\/product\/adjustable-shifter-stick#primaryimage"},"thumbnailUrl":"https:\/\/rzrfactory.com\/wp-content\/uploads\/2022\/05\/RzR_Shifter_Adjustable_Stick_1920.jpg","datePublished":"2022-05-31T22:19:24+00:00","dateModified":"2024-01-05T11:53:38+00:00","description":"El palo de altura ajustable RzR est\u00e1 dise\u00f1ada para permitirle ajustar la altura de las palancas de cambios RzR.","breadcrumb":{"@id":"https:\/\/rzrfactory.com\/es\/product\/adjustable-shifter-stick#breadcrumb"},"inLanguage":"es","potentialAction":[{"@type":"ReadAction","target":["https:\/\/rzrfactory.com\/es\/product\/adjustable-shifter-stick"]}]},{"@type":"ImageObject","inLanguage":"es","@id":"https:\/\/rzrfactory.com\/es\/product\/adjustable-shifter-stick#primaryimage","url":"https:\/\/rzrfactory.com\/wp-content\/uploads\/2022\/05\/RzR_Shifter_Adjustable_Stick_1920.jpg","contentUrl":"https:\/\/rzrfactory.com\/wp-content\/uploads\/2022\/05\/RzR_Shifter_Adjustable_Stick_1920.jpg","width":1920,"height":1277,"caption":"RzR Shifter Adjustable Stick"},{"@type":"BreadcrumbList","@id":"https:\/\/rzrfactory.com\/es\/product\/adjustable-shifter-stick#breadcrumb","itemListElement":[{"@type":"ListItem","position":1,"name":"Home","item":"https:\/\/rzrfactory.com\/es\/home"},{"@type":"ListItem","position":2,"name":"Tienda","item":"https:\/\/rzrfactory.com\/es\/tienda"},{"@type":"ListItem","position":3,"name":"Palo de altura ajustable para la palanca de cambios"}]},{"@type":"WebSite","@id":"https:\/\/rzrfactory.com\/es#website","url":"https:\/\/rzrfactory.com\/es","name":"RzR Factory","description":"RzR Performance makes shifters for Toyota Corolla, MR2, Celica, Vitz and Yaris.","publisher":{"@id":"https:\/\/rzrfactory.com\/es#organization"},"potentialAction":[{"@type":"SearchAction","target":{"@type":"EntryPoint","urlTemplate":"https:\/\/rzrfactory.com\/es?s={search_term_string}"},"query-input":{"@type":"PropertyValueSpecification","valueRequired":true,"valueName":"search_term_string"}}],"inLanguage":"es"},{"@type":"Organization","@id":"https:\/\/rzrfactory.com\/es#organization","name":"RzR Performance","url":"https:\/\/rzrfactory.com\/es","logo":{"@type":"ImageObject","inLanguage":"es","@id":"https:\/\/rzrfactory.com\/es#\/schema\/logo\/image\/","url":"https:\/\/rzrfactory.com\/wp-content\/uploads\/2022\/02\/RzR-Performance-Logo-400.png","contentUrl":"https:\/\/rzrfactory.com\/wp-content\/uploads\/2022\/02\/RzR-Performance-Logo-400.png","width":399,"height":195,"caption":"RzR Performance"},"image":{"@id":"https:\/\/rzrfactory.com\/es#\/schema\/logo\/image\/"},"sameAs":["https:\/\/www.facebook.com\/rzrfactory\/","https:\/\/www.instagram.com\/rzamorarojas\/"]}]}},"jetpack_sharing_enabled":true,"_links":{"self":[{"href":"https:\/\/rzrfactory.com\/es\/wp-json\/wp\/v2\/product\/1362","targetHints":{"allow":["GET"]}}],"collection":[{"href":"https:\/\/rzrfactory.com\/es\/wp-json\/wp\/v2\/product"}],"about":[{"href":"https:\/\/rzrfactory.com\/es\/wp-json\/wp\/v2\/types\/product"}],"wp:featuredmedia":[{"embeddable":true,"href":"https:\/\/rzrfactory.com\/es\/wp-json\/wp\/v2\/media\/1361"}],"wp:attachment":[{"href":"https:\/\/rzrfactory.com\/es\/wp-json\/wp\/v2\/media?parent=1362"}],"wp:term":[{"taxonomy":"product_brand","embeddable":true,"href":"https:\/\/rzrfactory.com\/es\/wp-json\/wp\/v2\/product_brand?post=1362"},{"taxonomy":"product_cat","embeddable":true,"href":"https:\/\/rzrfactory.com\/es\/wp-json\/wp\/v2\/product_cat?post=1362"},{"taxonomy":"product_tag","embeddable":true,"href":"https:\/\/rzrfactory.com\/es\/wp-json\/wp\/v2\/product_tag?post=1362"}],"curies":[{"name":"wp","href":"https:\/\/api.w.org\/{rel}","templated":true}]}}