{"id":1017,"date":"2022-02-28T13:58:17","date_gmt":"2022-02-28T13:58:17","guid":{"rendered":"https:\/\/rzrfactory.com\/product\/yaris-vitz-1o-y-2o-gen"},"modified":"2024-01-15T15:08:50","modified_gmt":"2024-01-15T15:08:50","slug":"yaris-vitz-1o-and-2o-gen","status":"publish","type":"product","link":"https:\/\/rzrfactory.com\/es\/product\/yaris-vitz-1o-and-2o-gen","title":{"rendered":"Yaris \/ Vitz 1\u00ba y 2\u00ba gen"},"content":{"rendered":"<p>La palanca de cambios RzR es 10 cm m\u00e1s alta que la palanca original, por lo que el pomo estar\u00e1 m\u00e1s cerca del volante para cambios r\u00e1pidos. Especialmente conveniente para coches de competici\u00f3n, pero tambi\u00e9n realmente agradable de usar en coches de diario*.<\/p>\n<p>Es totalmente ajustable para permitirle adaptar la palanca de cambios a su estilo de conducci\u00f3n. Puede acortar la distancia entre marchas ajustando el recorrido longitudinal y transversal. T\u00fa decides cu\u00e1nto y lo ajustas t\u00fa mismo siguiendo las sencillas instrucciones del manual proporcionado. Esta caracter\u00edstica de ajustabilidad y el hecho de que dise\u00f1amos el resorte del movimiento lateral de la palanca de cambios para que sea m\u00e1s r\u00edgido, es esencial. Porque hace que sea m\u00e1s dif\u00edcil entrar en el camino de la marcha atr\u00e1s cuando cambias de 1\u00ba a 2\u00ba con la caja de cambios de 6 velocidades.<\/p>\n<p>Por \u00faltimo, la mejor caracter\u00edstica es la sensaci\u00f3n s\u00faper precisa y s\u00f3lida que se obtiene al usar la palanca de cambios RzR debido a los materiales elegidos y la forma en que se ha dise\u00f1ado.<\/p>\n<p><strong>MATERIALES:<br \/>\n<\/strong>\u2013 Chapa de acero inoxidable 304L acabado cepillado (corte l\u00e1ser CNC)<br \/>\n\u2013 Aluminio anodizado 6061 (fresado CNC)<br \/>\n\u2013 Varilla de acero inoxidable 304L (torneada CNC)<br \/>\n\u2013 Cojinetes esf\u00e9ricos de acero\/PTFE<br \/>\n\u2013 Casquillo de bronce sinterizado ba\u00f1ado en aceite (m\u00ednimo 18% de aceite)<br \/>\n\u2013 Muelle de acero inoxidable 302 (Elaborado manualmente)<br \/>\n\u2013 Torniller\u00eda de acero inoxidable<\/p>\n<p><strong>DETALLES T\u00c9CNICOS:<br \/>\n<\/strong>La palanca le permite usar un pomo original Toyota o uno que tenga una rosca de M12 x 1.25.<\/p>\n<p>De todos modos, con la compra se incluye un <strong>pomo<\/strong> de <strong>fibra de carbono<\/strong> (interior de aluminio).<\/p>\n<p><strong>Numeramos cada palanca de cambios y hacemos una insignia personalizada con su nombre<\/strong><strong>y n\u00famero de serie<\/strong>. No a\u00f1ade ninguna caracter\u00edstica racional, pero ya sabes cu\u00e1ntas personas m\u00e1s con estas piezas t\u00e9cnicas hay repartidas por el planeta. De alguna manera nos conecta en una comunidad peque\u00f1a pero muy apasionada que le encantan estos coches.<\/p>\n<p><strong>COSAS A TENER EN CUENTA:<br \/>\n<\/strong>La mayor\u00eda de las personas que tienen la palanca de cambios RzR usan el coche para la competici\u00f3n. No tienen nada en el interior del coche, por lo que la instalaci\u00f3n es m\u00e1s sencilla. Pero si desea mantener el aspecto original, deber\u00e1 recortar algunas partes de la consola central del autom\u00f3vil, hacer un nuevo orificio para que los cables de cambio atraviesen el suelo del veh\u00edculo y mover algunos elementos.<\/p>\n<p><span style=\"color: #ff0000;\">La parte m\u00e1s dif\u00edcil de la instalaci\u00f3n en el Yaris es la necesidad de un nuevo orificio unos 20 cm m\u00e1s adelante en el suelo del veh\u00edculo para dejar pasar los cables de la palanca de cambios. Luego, solo tiene que recortar o quitar la consola central para dejar que sobresalga la palanca de cambios RzR que es 10 cm m\u00e1s alta.<\/span><\/p>\n<p><strong>EN LA CAJA:<br \/>\n<\/strong>\u2013 La palanca de cambios RzR<br \/>\n\u2013 Pomo de fibra de carbono (M12x1.25)<br \/>\n\u2013 Juego de tornillos y arandelas para instalar la palanca de cambios en el coche.<br \/>\n&#8211; Manual de instalaci\u00f3n.<\/p>\n<p>* Comun\u00edquese con su oficina local de registro de veh\u00edculos para saber si este producto es legal en coches de calle en su pa\u00eds.<\/p>\n","protected":false},"excerpt":{"rendered":"<p>La palanca de cambios RzR est\u00e1 dise\u00f1ada para colocar el pomo m\u00e1s cerca del volante, reducir el recorrido entre marchas y darle una sensaci\u00f3n s\u00faper precisa y s\u00f3lida del patr\u00f3n en H.<\/p>\n<p>Reemplaza la palanca de cambios pl\u00e1stica original o un short shifter TRD para mejorar enormemente su experiencia de condunci\u00f3n, incluso para su coche de diario.<\/p>\n<p>Esta variante de palanca de cambios funciona para el <strong>Yaris <\/strong>1\u00ba generaci\u00f3n,<strong> Yaris Tsport<\/strong>, <b>Yaris <\/b>2\u00ba generaci\u00f3n,<b> Vitz <\/b>1\u00ba generaci\u00f3n,<b> Vitz RS (NCP91)<\/b> y <b>Echo<\/b><\/p>\n<p>Para otros modelos de Toyota haga clic <span style=\"color: #ff0000;\"><a href=\"https:\/\/rzrfactory.com\/shop\">AQU\u00cd<\/a><\/span><\/p>\n<p>[fusion_fontawesome icon=\"fa-check-circle fas\" size=\"20\" flip=\"\" rotate=\"\" spin=\"no\" link=\"\" linktarget=\"_self\" alignment_medium=\"\" alignment_small=\"\" alignment=\"\" hide_on_mobile=\"small-visibility,medium-visibility,large-visibility\" sticky_display=\"normal,sticky\" class=\"\" id=\"\" margin_top=\"\" margin_right=\"\" margin_bottom=\"\" margin_left=\"\" iconcolor_hover=\"\" hue=\"\" saturation=\"\" lightness=\"\" alpha=\"\" iconcolor=\"#00bc06\" circle=\"no\" bg_size=\"-1\" circlecolor_hover=\"\" circlecolor=\"\" circlebordersize=\"\" circlebordercolor_hover=\"\" circlebordercolor=\"\" border_radius_top_left=\"\" border_radius_top_right=\"\" border_radius_bottom_right=\"\" border_radius_bottom_left=\"\" icon_hover_type=\"\" animation_type=\"\" animation_direction=\"left\" animation_color=\"\" animation_speed=\"0.3\" animation_delay=\"0\" animation_offset=\"\"][\/fusion_fontawesome]Producto <span style=\"color: #00ba00;\">en Stock<\/span><\/p>\n","protected":false},"featured_media":2251,"template":"","meta":[],"product_brand":[],"product_cat":[28],"product_tag":[69],"class_list":{"0":"post-1017","1":"product","2":"type-product","3":"status-publish","4":"has-post-thumbnail","6":"product_cat-sin-categorizar","7":"product_tag-palanca-de-cambios-rzr","8":"product_shipping_class-small-box-es","10":"first","11":"instock","12":"shipping-taxable","13":"purchasable","14":"product-type-simple"},"yoast_head":"<!-- This site is optimized with the Yoast SEO plugin v26.7 - https:\/\/yoast.com\/wordpress\/plugins\/seo\/ -->\n<title>Palanca de cambios Yaris \/ Vitz | RzR Performance<\/title>\n<meta name=\"description\" content=\"Para el Yaris y Vitz. La palanca de cambios RzR est\u00e1 dise\u00f1ada para reemplazar la palanca de cambios corta OEM o TRD para mejorar su experiencia de conducci\u00f3n\" \/>\n<meta name=\"robots\" content=\"index, follow, max-snippet:-1, max-image-preview:large, max-video-preview:-1\" \/>\n<link rel=\"canonical\" href=\"https:\/\/rzrfactory.com\/es\/product\/yaris-vitz-1o-and-2o-gen\" \/>\n<meta property=\"og:locale\" content=\"es_ES\" \/>\n<meta property=\"og:type\" content=\"article\" \/>\n<meta property=\"og:title\" content=\"Palanca de cambios Yaris \/ Vitz | RzR Performance\" \/>\n<meta property=\"og:description\" content=\"Para el Yaris y Vitz. La palanca de cambios RzR est\u00e1 dise\u00f1ada para reemplazar la palanca de cambios corta OEM o TRD para mejorar su experiencia de conducci\u00f3n\" \/>\n<meta property=\"og:url\" content=\"https:\/\/rzrfactory.com\/es\/product\/yaris-vitz-1o-and-2o-gen\" \/>\n<meta property=\"og:site_name\" content=\"RzR Factory\" \/>\n<meta property=\"article:publisher\" content=\"https:\/\/www.facebook.com\/rzrfactory\/\" \/>\n<meta property=\"article:modified_time\" content=\"2024-01-15T15:08:50+00:00\" \/>\n<meta property=\"og:image\" content=\"https:\/\/rzrfactory.com\/wp-content\/uploads\/2022\/02\/RzR_Shifter_Corolla_XRS_1920-11-1024x681.jpg\" \/>\n<meta name=\"twitter:card\" content=\"summary_large_image\" \/>\n<meta name=\"twitter:title\" content=\"Palanca de cambios Yaris \/ Vitz | RzR Performance\" \/>\n<meta name=\"twitter:description\" content=\"Para el Yaris y Vitz. La palanca de cambios RzR est\u00e1 dise\u00f1ada para reemplazar la palanca de cambios corta OEM o TRD para mejorar su experiencia de conducci\u00f3n\" \/>\n<meta name=\"twitter:image\" content=\"https:\/\/rzrfactory.com\/wp-content\/uploads\/2022\/02\/RzR_Shifter_Corolla_XRS_1920-11-1024x681.jpg\" \/>\n<meta name=\"twitter:label1\" content=\"Tiempo de lectura\" \/>\n\t<meta name=\"twitter:data1\" content=\"3 minutos\" \/>\n<script type=\"application\/ld+json\" class=\"yoast-schema-graph\">{\"@context\":\"https:\/\/schema.org\",\"@graph\":[{\"@type\":\"WebPage\",\"@id\":\"https:\/\/rzrfactory.com\/es\/product\/yaris-vitz-1o-and-2o-gen\",\"url\":\"https:\/\/rzrfactory.com\/es\/product\/yaris-vitz-1o-and-2o-gen\",\"name\":\"Palanca de cambios Yaris \/ Vitz | RzR Performance\",\"isPartOf\":{\"@id\":\"https:\/\/rzrfactory.com\/es#website\"},\"primaryImageOfPage\":{\"@id\":\"https:\/\/rzrfactory.com\/es\/product\/yaris-vitz-1o-and-2o-gen#primaryimage\"},\"image\":{\"@id\":\"https:\/\/rzrfactory.com\/es\/product\/yaris-vitz-1o-and-2o-gen#primaryimage\"},\"thumbnailUrl\":\"https:\/\/rzrfactory.com\/wp-content\/uploads\/2026\/03\/RzR_Shifter_Corolla_XRS_Tsport_1920-2.jpg\",\"datePublished\":\"2022-02-28T13:58:17+00:00\",\"dateModified\":\"2024-01-15T15:08:50+00:00\",\"description\":\"Para el Yaris y Vitz. La palanca de cambios RzR est\u00e1 dise\u00f1ada para reemplazar la palanca de cambios corta OEM o TRD para mejorar su experiencia de conducci\u00f3n\",\"breadcrumb\":{\"@id\":\"https:\/\/rzrfactory.com\/es\/product\/yaris-vitz-1o-and-2o-gen#breadcrumb\"},\"inLanguage\":\"es\",\"potentialAction\":[{\"@type\":\"ReadAction\",\"target\":[\"https:\/\/rzrfactory.com\/es\/product\/yaris-vitz-1o-and-2o-gen\"]}]},{\"@type\":\"ImageObject\",\"inLanguage\":\"es\",\"@id\":\"https:\/\/rzrfactory.com\/es\/product\/yaris-vitz-1o-and-2o-gen#primaryimage\",\"url\":\"https:\/\/rzrfactory.com\/wp-content\/uploads\/2026\/03\/RzR_Shifter_Corolla_XRS_Tsport_1920-2.jpg\",\"contentUrl\":\"https:\/\/rzrfactory.com\/wp-content\/uploads\/2026\/03\/RzR_Shifter_Corolla_XRS_Tsport_1920-2.jpg\",\"width\":1920,\"height\":1277},{\"@type\":\"BreadcrumbList\",\"@id\":\"https:\/\/rzrfactory.com\/es\/product\/yaris-vitz-1o-and-2o-gen#breadcrumb\",\"itemListElement\":[{\"@type\":\"ListItem\",\"position\":1,\"name\":\"Home\",\"item\":\"https:\/\/rzrfactory.com\/es\/home\"},{\"@type\":\"ListItem\",\"position\":2,\"name\":\"Tienda\",\"item\":\"https:\/\/rzrfactory.com\/es\/tienda\"},{\"@type\":\"ListItem\",\"position\":3,\"name\":\"Yaris \/ Vitz 1\u00ba y 2\u00ba gen\"}]},{\"@type\":\"WebSite\",\"@id\":\"https:\/\/rzrfactory.com\/es#website\",\"url\":\"https:\/\/rzrfactory.com\/es\",\"name\":\"RzR Factory\",\"description\":\"RzR Performance makes shifters for Toyota Corolla, MR2, Celica, Vitz and Yaris.\",\"publisher\":{\"@id\":\"https:\/\/rzrfactory.com\/es#organization\"},\"potentialAction\":[{\"@type\":\"SearchAction\",\"target\":{\"@type\":\"EntryPoint\",\"urlTemplate\":\"https:\/\/rzrfactory.com\/es?s={search_term_string}\"},\"query-input\":{\"@type\":\"PropertyValueSpecification\",\"valueRequired\":true,\"valueName\":\"search_term_string\"}}],\"inLanguage\":\"es\"},{\"@type\":\"Organization\",\"@id\":\"https:\/\/rzrfactory.com\/es#organization\",\"name\":\"RzR Performance\",\"url\":\"https:\/\/rzrfactory.com\/es\",\"logo\":{\"@type\":\"ImageObject\",\"inLanguage\":\"es\",\"@id\":\"https:\/\/rzrfactory.com\/es#\/schema\/logo\/image\/\",\"url\":\"https:\/\/rzrfactory.com\/wp-content\/uploads\/2022\/02\/RzR-Performance-Logo-400.png\",\"contentUrl\":\"https:\/\/rzrfactory.com\/wp-content\/uploads\/2022\/02\/RzR-Performance-Logo-400.png\",\"width\":399,\"height\":195,\"caption\":\"RzR Performance\"},\"image\":{\"@id\":\"https:\/\/rzrfactory.com\/es#\/schema\/logo\/image\/\"},\"sameAs\":[\"https:\/\/www.facebook.com\/rzrfactory\/\",\"https:\/\/www.instagram.com\/rzamorarojas\/\"]}]}<\/script>\n<!-- \/ Yoast SEO plugin. -->","yoast_head_json":{"title":"Palanca de cambios Yaris \/ Vitz | RzR Performance","description":"Para el Yaris y Vitz. La palanca de cambios RzR est\u00e1 dise\u00f1ada para reemplazar la palanca de cambios corta OEM o TRD para mejorar su experiencia de conducci\u00f3n","robots":{"index":"index","follow":"follow","max-snippet":"max-snippet:-1","max-image-preview":"max-image-preview:large","max-video-preview":"max-video-preview:-1"},"canonical":"https:\/\/rzrfactory.com\/es\/product\/yaris-vitz-1o-and-2o-gen","og_locale":"es_ES","og_type":"article","og_title":"Palanca de cambios Yaris \/ Vitz | RzR Performance","og_description":"Para el Yaris y Vitz. La palanca de cambios RzR est\u00e1 dise\u00f1ada para reemplazar la palanca de cambios corta OEM o TRD para mejorar su experiencia de conducci\u00f3n","og_url":"https:\/\/rzrfactory.com\/es\/product\/yaris-vitz-1o-and-2o-gen","og_site_name":"RzR Factory","article_publisher":"https:\/\/www.facebook.com\/rzrfactory\/","article_modified_time":"2024-01-15T15:08:50+00:00","og_image":[{"url":"https:\/\/rzrfactory.com\/wp-content\/uploads\/2022\/02\/RzR_Shifter_Corolla_XRS_1920-11-1024x681.jpg","type":"","width":"","height":""}],"twitter_card":"summary_large_image","twitter_title":"Palanca de cambios Yaris \/ Vitz | RzR Performance","twitter_description":"Para el Yaris y Vitz. La palanca de cambios RzR est\u00e1 dise\u00f1ada para reemplazar la palanca de cambios corta OEM o TRD para mejorar su experiencia de conducci\u00f3n","twitter_image":"https:\/\/rzrfactory.com\/wp-content\/uploads\/2022\/02\/RzR_Shifter_Corolla_XRS_1920-11-1024x681.jpg","twitter_misc":{"Tiempo de lectura":"3 minutos"},"schema":{"@context":"https:\/\/schema.org","@graph":[{"@type":"WebPage","@id":"https:\/\/rzrfactory.com\/es\/product\/yaris-vitz-1o-and-2o-gen","url":"https:\/\/rzrfactory.com\/es\/product\/yaris-vitz-1o-and-2o-gen","name":"Palanca de cambios Yaris \/ Vitz | RzR Performance","isPartOf":{"@id":"https:\/\/rzrfactory.com\/es#website"},"primaryImageOfPage":{"@id":"https:\/\/rzrfactory.com\/es\/product\/yaris-vitz-1o-and-2o-gen#primaryimage"},"image":{"@id":"https:\/\/rzrfactory.com\/es\/product\/yaris-vitz-1o-and-2o-gen#primaryimage"},"thumbnailUrl":"https:\/\/rzrfactory.com\/wp-content\/uploads\/2026\/03\/RzR_Shifter_Corolla_XRS_Tsport_1920-2.jpg","datePublished":"2022-02-28T13:58:17+00:00","dateModified":"2024-01-15T15:08:50+00:00","description":"Para el Yaris y Vitz. La palanca de cambios RzR est\u00e1 dise\u00f1ada para reemplazar la palanca de cambios corta OEM o TRD para mejorar su experiencia de conducci\u00f3n","breadcrumb":{"@id":"https:\/\/rzrfactory.com\/es\/product\/yaris-vitz-1o-and-2o-gen#breadcrumb"},"inLanguage":"es","potentialAction":[{"@type":"ReadAction","target":["https:\/\/rzrfactory.com\/es\/product\/yaris-vitz-1o-and-2o-gen"]}]},{"@type":"ImageObject","inLanguage":"es","@id":"https:\/\/rzrfactory.com\/es\/product\/yaris-vitz-1o-and-2o-gen#primaryimage","url":"https:\/\/rzrfactory.com\/wp-content\/uploads\/2026\/03\/RzR_Shifter_Corolla_XRS_Tsport_1920-2.jpg","contentUrl":"https:\/\/rzrfactory.com\/wp-content\/uploads\/2026\/03\/RzR_Shifter_Corolla_XRS_Tsport_1920-2.jpg","width":1920,"height":1277},{"@type":"BreadcrumbList","@id":"https:\/\/rzrfactory.com\/es\/product\/yaris-vitz-1o-and-2o-gen#breadcrumb","itemListElement":[{"@type":"ListItem","position":1,"name":"Home","item":"https:\/\/rzrfactory.com\/es\/home"},{"@type":"ListItem","position":2,"name":"Tienda","item":"https:\/\/rzrfactory.com\/es\/tienda"},{"@type":"ListItem","position":3,"name":"Yaris \/ Vitz 1\u00ba y 2\u00ba gen"}]},{"@type":"WebSite","@id":"https:\/\/rzrfactory.com\/es#website","url":"https:\/\/rzrfactory.com\/es","name":"RzR Factory","description":"RzR Performance makes shifters for Toyota Corolla, MR2, Celica, Vitz and Yaris.","publisher":{"@id":"https:\/\/rzrfactory.com\/es#organization"},"potentialAction":[{"@type":"SearchAction","target":{"@type":"EntryPoint","urlTemplate":"https:\/\/rzrfactory.com\/es?s={search_term_string}"},"query-input":{"@type":"PropertyValueSpecification","valueRequired":true,"valueName":"search_term_string"}}],"inLanguage":"es"},{"@type":"Organization","@id":"https:\/\/rzrfactory.com\/es#organization","name":"RzR Performance","url":"https:\/\/rzrfactory.com\/es","logo":{"@type":"ImageObject","inLanguage":"es","@id":"https:\/\/rzrfactory.com\/es#\/schema\/logo\/image\/","url":"https:\/\/rzrfactory.com\/wp-content\/uploads\/2022\/02\/RzR-Performance-Logo-400.png","contentUrl":"https:\/\/rzrfactory.com\/wp-content\/uploads\/2022\/02\/RzR-Performance-Logo-400.png","width":399,"height":195,"caption":"RzR Performance"},"image":{"@id":"https:\/\/rzrfactory.com\/es#\/schema\/logo\/image\/"},"sameAs":["https:\/\/www.facebook.com\/rzrfactory\/","https:\/\/www.instagram.com\/rzamorarojas\/"]}]}},"jetpack_sharing_enabled":true,"_links":{"self":[{"href":"https:\/\/rzrfactory.com\/es\/wp-json\/wp\/v2\/product\/1017","targetHints":{"allow":["GET"]}}],"collection":[{"href":"https:\/\/rzrfactory.com\/es\/wp-json\/wp\/v2\/product"}],"about":[{"href":"https:\/\/rzrfactory.com\/es\/wp-json\/wp\/v2\/types\/product"}],"wp:featuredmedia":[{"embeddable":true,"href":"https:\/\/rzrfactory.com\/es\/wp-json\/wp\/v2\/media\/2251"}],"wp:attachment":[{"href":"https:\/\/rzrfactory.com\/es\/wp-json\/wp\/v2\/media?parent=1017"}],"wp:term":[{"taxonomy":"product_brand","embeddable":true,"href":"https:\/\/rzrfactory.com\/es\/wp-json\/wp\/v2\/product_brand?post=1017"},{"taxonomy":"product_cat","embeddable":true,"href":"https:\/\/rzrfactory.com\/es\/wp-json\/wp\/v2\/product_cat?post=1017"},{"taxonomy":"product_tag","embeddable":true,"href":"https:\/\/rzrfactory.com\/es\/wp-json\/wp\/v2\/product_tag?post=1017"}],"curies":[{"name":"wp","href":"https:\/\/api.w.org\/{rel}","templated":true}]}}