{"id":923,"date":"2022-02-16T10:38:08","date_gmt":"2022-02-16T10:38:08","guid":{"rendered":"https:\/\/rzrfactory.com\/historia"},"modified":"2024-01-15T16:29:05","modified_gmt":"2024-01-15T16:29:05","slug":"historia","status":"publish","type":"page","link":"https:\/\/rzrfactory.com\/es\/historia","title":{"rendered":"HISTORIA"},"content":{"rendered":"<p><div class=\"fusion-bg-parallax\" data-bg-align=\"center center\" data-direction=\"down\" data-mute=\"false\" data-opacity=\"100\" data-velocity=\"-0.2\" data-mobile-enabled=\"false\" data-break_parents=\"0\" data-bg-image=\"https:\/\/rzrfactory.com\/wp-content\/uploads\/2022\/03\/IMG_3034-copia.jpg\" data-bg-repeat=\"false\" ><\/div><div class=\"fusion-fullwidth fullwidth-box fusion-builder-row-1 fusion-flex-container fusion-parallax-down nonhundred-percent-fullwidth non-hundred-percent-height-scrolling\" style=\"--awb-border-radius-top-left:0px;--awb-border-radius-top-right:0px;--awb-border-radius-bottom-right:0px;--awb-border-radius-bottom-left:0px;--awb-background-image:url(&quot;https:\/\/rzrfactory.com\/wp-content\/uploads\/2022\/03\/IMG_3034-copia.jpg&quot;);--awb-background-size:cover;--awb-flex-wrap:wrap;\" ><div class=\"fusion-builder-row fusion-row fusion-flex-align-items-flex-start fusion-flex-content-wrap\" style=\"max-width:1144px;margin-left: calc(-4% \/ 2 );margin-right: calc(-4% \/ 2 );\"><div class=\"fusion-layout-column fusion_builder_column fusion-builder-column-0 fusion_builder_column_1_1 1_1 fusion-flex-column\" style=\"--awb-bg-size:cover;--awb-width-large:100%;--awb-margin-top-large:0px;--awb-spacing-right-large:1.92%;--awb-margin-bottom-large:20px;--awb-spacing-left-large:1.92%;--awb-width-medium:100%;--awb-order-medium:0;--awb-spacing-right-medium:1.92%;--awb-spacing-left-medium:1.92%;--awb-width-small:100%;--awb-order-small:0;--awb-spacing-right-small:1.92%;--awb-spacing-left-small:1.92%;\"><div class=\"fusion-column-wrapper fusion-column-has-shadow fusion-flex-justify-content-flex-start fusion-content-layout-column\"><div class=\"fusion-separator fusion-no-small-visibility fusion-no-medium-visibility fusion-full-width-sep\" style=\"align-self: center;margin-left: auto;margin-right: auto;margin-top:300px;width:100%;\"><\/div><div class=\"fusion-separator fusion-no-large-visibility fusion-full-width-sep\" style=\"align-self: center;margin-left: auto;margin-right: auto;margin-top:100px;width:100%;\"><\/div><div class=\"fusion-text fusion-text-1\" style=\"--awb-font-size:30px;--awb-text-transform:none;--awb-text-color:var(--awb-color1);--awb-text-font-family:&quot;Noto Sans&quot;;--awb-text-font-style:normal;--awb-text-font-weight:300;\"><p style=\"text-align: center;\" data-fontsize=\"40\" data-lineheight=\"50px\">Un peque\u00f1o taller en medio del Oc\u00e9ano Atl\u00e1ntico que crea piezas de alto rendimiento para la comunidad Toyota ZZ de todo el mundo.<\/p>\n<\/div><div class=\"fusion-separator fusion-full-width-sep\" style=\"align-self: center;margin-left: auto;margin-right: auto;margin-top:80px;width:100%;\"><\/div><div class=\"fusion-text fusion-text-2\" style=\"--awb-text-transform:none;--awb-text-color:var(--awb-color2);\"><p style=\"text-align: center;\">Despl\u00e1cese hacia abajo para conocer acerca de:<br \/>\nRzR \u2013 La Compa\u00f1\u00eda y Ricardo Zamora Rojas<\/p>\n<\/div><i class=\"fb-icon-element-1 fb-icon-element fontawesome-icon fa-angle-down fas circle-no\" style=\"--awb-font-size:32px;--awb-margin-top:0;--awb-margin-right:0;--awb-margin-bottom:0;--awb-margin-left:0;--awb-align-self:center;\"><\/i><div class=\"fusion-separator fusion-no-small-visibility fusion-no-medium-visibility fusion-full-width-sep\" style=\"align-self: center;margin-left: auto;margin-right: auto;margin-top:240px;width:100%;\"><\/div><\/div><\/div><\/div><\/div><div class=\"fusion-fullwidth fullwidth-box fusion-builder-row-2 fusion-flex-container fusion-parallax-none nonhundred-percent-fullwidth non-hundred-percent-height-scrolling\" style=\"--awb-border-radius-top-left:0px;--awb-border-radius-top-right:0px;--awb-border-radius-bottom-right:0px;--awb-border-radius-bottom-left:0px;--awb-background-image:linear-gradient(180deg, rgba(255,255,255,0) 0%,var(--awb-color2) 100%),url(https:\/\/rzrfactory.com\/wp-content\/uploads\/2022\/03\/snazzy-image-google-maps-canary-islands-1920-2.jpg);;--awb-background-size:cover;--awb-flex-wrap:wrap;\" ><div class=\"fusion-builder-row fusion-row fusion-flex-align-items-flex-start fusion-flex-content-wrap\" style=\"max-width:1144px;margin-left: calc(-4% \/ 2 );margin-right: calc(-4% \/ 2 );\"><div class=\"fusion-layout-column fusion_builder_column fusion-builder-column-1 fusion_builder_column_1_1 1_1 fusion-flex-column\" style=\"--awb-bg-size:cover;--awb-width-large:100%;--awb-margin-top-large:0px;--awb-spacing-right-large:1.92%;--awb-margin-bottom-large:20px;--awb-spacing-left-large:1.92%;--awb-width-medium:100%;--awb-order-medium:0;--awb-spacing-right-medium:1.92%;--awb-spacing-left-medium:1.92%;--awb-width-small:100%;--awb-order-small:0;--awb-spacing-right-small:1.92%;--awb-spacing-left-small:1.92%;\"><div class=\"fusion-column-wrapper fusion-column-has-shadow fusion-flex-justify-content-flex-start fusion-content-layout-column\"><div class=\"fusion-separator fusion-full-width-sep\" style=\"align-self: center;margin-left: auto;margin-right: auto;margin-top:80px;width:100%;\"><\/div><div class=\"fusion-text fusion-text-3\" style=\"--awb-font-size:40px;--awb-line-height:40px;--awb-text-transform:none;--awb-text-color:var(--awb-color6);--awb-text-font-family:&quot;Noto Sans&quot;;--awb-text-font-style:normal;--awb-text-font-weight:400;\"><h1 style=\"text-align: center; font-size: 39px;\" data-fusion-font=\"true\">RzR Performance \u2013 La compa\u00f1\u00eda<\/h1>\n<\/div><div class=\"fusion-separator fusion-full-width-sep\" style=\"align-self: center;margin-left: auto;margin-right: auto;margin-top:30px;width:100%;\"><\/div><div class=\"fusion-text fusion-text-4\" style=\"--awb-text-transform:none;\"><p>RzR Performance se cre\u00f3 como resultado de la maravillosa bienvenida de la comunidad 1zz y 2zz para fabricar palancas de cambios para Corolla, MR2 y Celica de los a\u00f1os 90 y 2000.<\/p>\n<p>Todo comenz\u00f3 como un hobby en 2017 cuando Ricardo viv\u00eda en el Reino Unido. Ten\u00eda un gran juego en la palanca de cambios de su Corolla Tsport, por lo que decidi\u00f3 resolver el problema y agregar algunas caracter\u00edsticas adicionales para mejorar la experiencia de conducci\u00f3n del coche. En una de sus vacaciones a su tierra natal, Tenerife \u2014en las Islas Canarias\u2014 dise\u00f1\u00f3 y fabric\u00f3 la primera palanca de cambios y la instal\u00f3 en el coche. La mejora fue tan extraordinaria que decidi\u00f3 hacer un video corto para mostr\u00e1rselo a sus amigos. Pero m\u00e1s r\u00e1pido que el fuego, despu\u00e9s de publicar el video online de \u00e9l usando la palanca de cambios, comenz\u00f3 a recibir solicitudes de otros propietarios de Corolla y MR-S que tambi\u00e9n quer\u00edan mejorar su experiencia de conducci\u00f3n. As\u00ed que, a fines de 2017, principios de 2018, hizo el primer lote de palancas de cambio RzR y comenz\u00f3 a enviarla a todo el mundo.<\/p>\n<p>Entonces Ricardo y su esposa deciden regresar a casa, a Tenerife en las Islas Canarias (Espa\u00f1a). Pero aunque hay otros proyectos en el camino, sigue recibiendo solicitudes para hacer m\u00e1s palancas de cambios.<\/p>\n<p>Pasan unos a\u00f1os recibiendo muchas solicitudes y finalmente, en 2020, Ricardo decidi\u00f3 comenzar a hacer palancas de cambios otra vez. Esta vez iba a ser m\u00e1s serio con respecto a la compa\u00f1\u00eda\/negocio. Lotes con cantidades m\u00e1s grandes, mejor calidad, acabados superiores, costes de fabricaci\u00f3n m\u00e1s bajos, precios finales m\u00e1s bajos e incluso un mejor servicio al cliente.<\/p>\n<p>El presente contin\u00faa con el desarrollo de piezas de rendimiento m\u00e1s fascinantes para la comunidad 1zz y 2zz mientras trabajando en otros proyectos sobre obras de arte t\u00e9cnicas (Relojes RzR).<\/p>\n<p>El futuro es claro, Ricardo seguir\u00e1 fabricando piezas para coches y motocicletas mientras explora otros campos del mundo de la ingenier\u00eda\/fabricaci\u00f3n.<\/p>\n<p>\u00a1Gracias por su inter\u00e9s en RzR!<\/p>\n<\/div><div class=\"fusion-text fusion-text-5\" style=\"--awb-text-transform:none;\"><p><img decoding=\"async\" class=\"size-full wp-image-719 aligncenter\" src=\"https:\/\/rzrfactory.com\/wp-content\/uploads\/2022\/03\/Canary-Islands-in-the-map-2.gif\" alt=\"\" width=\"906\" height=\"425\"><\/p>\n<\/div><\/div><\/div><\/div><\/div><div class=\"fusion-fullwidth fullwidth-box fusion-builder-row-3 fusion-flex-container nonhundred-percent-fullwidth non-hundred-percent-height-scrolling\" style=\"--awb-border-radius-top-left:0px;--awb-border-radius-top-right:0px;--awb-border-radius-bottom-right:0px;--awb-border-radius-bottom-left:0px;--awb-flex-wrap:wrap;\" ><div class=\"fusion-builder-row fusion-row fusion-flex-align-items-flex-start fusion-flex-content-wrap\" style=\"max-width:1144px;margin-left: calc(-4% \/ 2 );margin-right: calc(-4% \/ 2 );\"><div class=\"fusion-layout-column fusion_builder_column fusion-builder-column-2 fusion_builder_column_1_1 1_1 fusion-flex-column\" style=\"--awb-bg-size:cover;--awb-width-large:100%;--awb-margin-top-large:0px;--awb-spacing-right-large:1.92%;--awb-margin-bottom-large:20px;--awb-spacing-left-large:1.92%;--awb-width-medium:100%;--awb-order-medium:0;--awb-spacing-right-medium:1.92%;--awb-spacing-left-medium:1.92%;--awb-width-small:100%;--awb-order-small:0;--awb-spacing-right-small:1.92%;--awb-spacing-left-small:1.92%;\"><div class=\"fusion-column-wrapper fusion-column-has-shadow fusion-flex-justify-content-flex-start fusion-content-layout-column\"><div class=\"fusion-separator fusion-full-width-sep\" style=\"align-self: center;margin-left: auto;margin-right: auto;margin-top:80px;width:100%;\"><\/div><div class=\"fusion-text fusion-text-6\" style=\"--awb-font-size:40px;--awb-line-height:40px;--awb-text-transform:none;--awb-text-color:var(--awb-color6);--awb-text-font-family:&quot;Noto Sans&quot;;--awb-text-font-style:normal;--awb-text-font-weight:400;\"><h2 style=\"text-align: center; font-size: 40px;\" data-fusion-font=\"true\">Ricardo Zamora Rojas<\/h2>\n<\/div><div class=\"fusion-separator fusion-full-width-sep\" style=\"align-self: center;margin-left: auto;margin-right: auto;margin-top:30px;width:100%;\"><\/div><div class=\"fusion-text fusion-text-7\" style=\"--awb-text-transform:none;\"><h3><strong data-fusion-font=\"true\" style=\"font-size: 15px;\">PARTE DE LA HISTORIA CONTADA POR M\u00cd MISMO<\/strong><\/h3>\n<p>Todo comenz\u00f3 desde muy temprana edad a finales de los 90 cuando quer\u00eda ser inventor. Todo ten\u00eda sentido; Tendr\u00eda mi propio laboratorio y ser\u00eda como uno de esos inventores de las pel\u00edculas.<\/p>\n<p>De adolescente siempre fui muy explorador y creativo, creo que por la educaci\u00f3n recibida. Una educaci\u00f3n impulsada por un hermano joyero, una madre manitas y un padre m\u00e9dico. Esta mezcla de conocimientos y diferentes formas de ver el mundo hace que me convierta en una persona de mente abierta con muchos proyectos y sue\u00f1os por alcanzar.<\/p>\n<p>Entre 2009 y 2013 estudi\u00e9 ingenier\u00eda mec\u00e1nica mientras pasaba mi tiempo libre en mi taller fabricando todo tipo de cosas. Piezas de joyer\u00eda, estructuras de acero, piezas de fibra de carbono, un t\u00fanel de viento para un proyecto aerodin\u00e1mico, una pit bike supermotard con mi hermano y muchas cosas m\u00e1s. Fundamentalmente, explorando por qu\u00e9, cu\u00e1ndo, c\u00f3mo y qu\u00e9 quer\u00eda hacer.<\/p>\n<p><strong>Lo que no sab\u00eda es que unos a\u00f1os m\u00e1s tarde iba a mezclar mi amor por los objetos mec\u00e1nicos, el dise\u00f1o y los materiales para crear una empresa de relojes \u2014RzR Watches\u2014 m\u00e1s un taller donde realizo piezas espec\u00edficas de rendimiento para autom\u00f3viles \u2014RzR Performance.<\/strong><\/p>\n<p>En 2014, mi esposa y yo nos mudamos de Tenerife en las Islas Canarias, Espa\u00f1a, a Inglaterra por trabajo, para explorar el mundo desde una perspectiva diferente y aprender el idioma internacional. Que experiencia&#8230; Londres se convirti\u00f3 en mi nuevo vecindario. Un lugar lleno de energ\u00eda, donde comenc\u00e9 a construir el mejor y m\u00e1s complejo proyecto que he hecho \u2014RzR Watches.<\/p>\n<p>Luego, despu\u00e9s de 5 a\u00f1os de inhalar el poderoso conocimiento de un pa\u00eds extranjero con una cultura e idioma diferentes, en 2019 mi esposa y yo decidimos volver a casa. Estamos cerca de nuestra familia, mejores amigos y en una tierra donde podemos explotar todo el conocimiento y la experiencia que hemos ido acumulando.<\/p>\n<p>Ahora, avanzando r\u00e1pidamente hasta 2022, divido mi tiempo entre trabajar en RzR Watches (en silencio), RzR Performance y disfrutando el otro tiempo con la familia y amigos.<\/p>\n<\/div><div class=\"fusion-separator\" style=\"align-self: flex-end;margin-left:auto;margin-top:30px;margin-bottom:10px;width:100%;max-width:100px;\"><div class=\"fusion-separator-border sep-single sep-solid\" style=\"--awb-height:20px;--awb-amount:20px;--awb-sep-color:var(--awb-color6);border-color:var(--awb-color6);border-top-width:2px;\"><\/div><\/div><div class=\"fusion-text fusion-text-8\" style=\"--awb-font-size:14px;--awb-line-height:30px;--awb-text-transform:none;--awb-text-font-family:&#039;Lucida Console&#039;, Monaco, monospace;--awb-text-font-style:normal;--awb-text-font-weight:400;\"><p style=\"text-align: right;\">Love nature, the universe and life<br \/>\nDriven by passion, energy and insight<br \/>\nEnjoy exploring, creating and sharing<br \/>\nPassionate about, science, art and engineering<br \/>\nSparks me the dream, the contribution and the challenge<br \/>\nPursuing minimalism, harmony and happiness<\/p>\n<\/div><\/div><\/div><\/div><\/div><\/p>\n","protected":false},"excerpt":{"rendered":"","protected":false},"author":1,"featured_media":860,"parent":0,"menu_order":0,"comment_status":"closed","ping_status":"closed","template":"100-width.php","meta":{"footnotes":""},"class_list":["post-923","page","type-page","status-publish","has-post-thumbnail","hentry"],"yoast_head":"<!-- This site is optimized with the Yoast SEO plugin v26.7 - https:\/\/yoast.com\/wordpress\/plugins\/seo\/ -->\n<title>Historia de Ricardo Zamora Rojas | RzR Factory<\/title>\n<meta name=\"description\" content=\"Un peque\u00f1o taller en medio del Oc\u00e9ano Atl\u00e1ntico que crea piezas de alto rendimiento para la comunidad Toyota ZZ de todo el mundo.\" \/>\n<meta name=\"robots\" content=\"index, follow, max-snippet:-1, max-image-preview:large, max-video-preview:-1\" \/>\n<link rel=\"canonical\" href=\"https:\/\/rzrfactory.com\/es\/historia\" \/>\n<meta property=\"og:locale\" content=\"es_ES\" \/>\n<meta property=\"og:type\" content=\"article\" \/>\n<meta property=\"og:title\" content=\"Historia de Ricardo Zamora Rojas | RzR Factory\" \/>\n<meta property=\"og:description\" content=\"Un peque\u00f1o taller en medio del Oc\u00e9ano Atl\u00e1ntico que crea piezas de alto rendimiento para la comunidad Toyota ZZ de todo el mundo.\" \/>\n<meta property=\"og:url\" content=\"https:\/\/rzrfactory.com\/es\/historia\" \/>\n<meta property=\"og:site_name\" content=\"RzR Factory\" \/>\n<meta property=\"article:publisher\" content=\"https:\/\/www.facebook.com\/rzrfactory\/\" \/>\n<meta property=\"article:modified_time\" content=\"2024-01-15T16:29:05+00:00\" \/>\n<meta property=\"og:image\" content=\"https:\/\/rzrfactory.com\/wp-content\/uploads\/2022\/03\/IMG_3034-copia-1024x768.jpg\" \/>\n<meta name=\"twitter:card\" content=\"summary_large_image\" \/>\n<meta name=\"twitter:title\" content=\"Historia de Ricardo Zamora Rojas | RzR Factory\" \/>\n<meta name=\"twitter:description\" content=\"Un peque\u00f1o taller en medio del Oc\u00e9ano Atl\u00e1ntico que crea piezas de alto rendimiento para la comunidad Toyota ZZ de todo el mundo.\" \/>\n<meta name=\"twitter:image\" content=\"https:\/\/rzrfactory.com\/wp-content\/uploads\/2022\/03\/IMG_3034-copia-1024x768.jpg\" \/>\n<meta name=\"twitter:label1\" content=\"Tiempo de lectura\" \/>\n\t<meta name=\"twitter:data1\" content=\"12 minutos\" \/>\n<script type=\"application\/ld+json\" class=\"yoast-schema-graph\">{\"@context\":\"https:\/\/schema.org\",\"@graph\":[{\"@type\":\"WebPage\",\"@id\":\"https:\/\/rzrfactory.com\/es\/historia\",\"url\":\"https:\/\/rzrfactory.com\/es\/historia\",\"name\":\"Historia de Ricardo Zamora Rojas | RzR Factory\",\"isPartOf\":{\"@id\":\"https:\/\/rzrfactory.com\/es#website\"},\"primaryImageOfPage\":{\"@id\":\"https:\/\/rzrfactory.com\/es\/historia#primaryimage\"},\"image\":{\"@id\":\"https:\/\/rzrfactory.com\/es\/historia#primaryimage\"},\"thumbnailUrl\":\"https:\/\/rzrfactory.com\/wp-content\/uploads\/2022\/03\/IMG_3034-copia.jpg\",\"datePublished\":\"2022-02-16T10:38:08+00:00\",\"dateModified\":\"2024-01-15T16:29:05+00:00\",\"description\":\"Un peque\u00f1o taller en medio del Oc\u00e9ano Atl\u00e1ntico que crea piezas de alto rendimiento para la comunidad Toyota ZZ de todo el mundo.\",\"breadcrumb\":{\"@id\":\"https:\/\/rzrfactory.com\/es\/historia#breadcrumb\"},\"inLanguage\":\"es\",\"potentialAction\":[{\"@type\":\"ReadAction\",\"target\":[\"https:\/\/rzrfactory.com\/es\/historia\"]}]},{\"@type\":\"ImageObject\",\"inLanguage\":\"es\",\"@id\":\"https:\/\/rzrfactory.com\/es\/historia#primaryimage\",\"url\":\"https:\/\/rzrfactory.com\/wp-content\/uploads\/2022\/03\/IMG_3034-copia.jpg\",\"contentUrl\":\"https:\/\/rzrfactory.com\/wp-content\/uploads\/2022\/03\/IMG_3034-copia.jpg\",\"width\":1920,\"height\":1440,\"caption\":\"Tenerife Teide RzR\"},{\"@type\":\"BreadcrumbList\",\"@id\":\"https:\/\/rzrfactory.com\/es\/historia#breadcrumb\",\"itemListElement\":[{\"@type\":\"ListItem\",\"position\":1,\"name\":\"Home\",\"item\":\"https:\/\/rzrfactory.com\/es\/home\"},{\"@type\":\"ListItem\",\"position\":2,\"name\":\"HISTORIA\"}]},{\"@type\":\"WebSite\",\"@id\":\"https:\/\/rzrfactory.com\/es#website\",\"url\":\"https:\/\/rzrfactory.com\/es\",\"name\":\"RzR Factory\",\"description\":\"RzR Performance makes shifters for Toyota Corolla, MR2, Celica, Vitz and Yaris.\",\"publisher\":{\"@id\":\"https:\/\/rzrfactory.com\/es#organization\"},\"potentialAction\":[{\"@type\":\"SearchAction\",\"target\":{\"@type\":\"EntryPoint\",\"urlTemplate\":\"https:\/\/rzrfactory.com\/es?s={search_term_string}\"},\"query-input\":{\"@type\":\"PropertyValueSpecification\",\"valueRequired\":true,\"valueName\":\"search_term_string\"}}],\"inLanguage\":\"es\"},{\"@type\":\"Organization\",\"@id\":\"https:\/\/rzrfactory.com\/es#organization\",\"name\":\"RzR Performance\",\"url\":\"https:\/\/rzrfactory.com\/es\",\"logo\":{\"@type\":\"ImageObject\",\"inLanguage\":\"es\",\"@id\":\"https:\/\/rzrfactory.com\/es#\/schema\/logo\/image\/\",\"url\":\"https:\/\/rzrfactory.com\/wp-content\/uploads\/2022\/02\/RzR-Performance-Logo-400.png\",\"contentUrl\":\"https:\/\/rzrfactory.com\/wp-content\/uploads\/2022\/02\/RzR-Performance-Logo-400.png\",\"width\":399,\"height\":195,\"caption\":\"RzR Performance\"},\"image\":{\"@id\":\"https:\/\/rzrfactory.com\/es#\/schema\/logo\/image\/\"},\"sameAs\":[\"https:\/\/www.facebook.com\/rzrfactory\/\",\"https:\/\/www.instagram.com\/rzamorarojas\/\"]}]}<\/script>\n<!-- \/ Yoast SEO plugin. -->","yoast_head_json":{"title":"Historia de Ricardo Zamora Rojas | RzR Factory","description":"Un peque\u00f1o taller en medio del Oc\u00e9ano Atl\u00e1ntico que crea piezas de alto rendimiento para la comunidad Toyota ZZ de todo el mundo.","robots":{"index":"index","follow":"follow","max-snippet":"max-snippet:-1","max-image-preview":"max-image-preview:large","max-video-preview":"max-video-preview:-1"},"canonical":"https:\/\/rzrfactory.com\/es\/historia","og_locale":"es_ES","og_type":"article","og_title":"Historia de Ricardo Zamora Rojas | RzR Factory","og_description":"Un peque\u00f1o taller en medio del Oc\u00e9ano Atl\u00e1ntico que crea piezas de alto rendimiento para la comunidad Toyota ZZ de todo el mundo.","og_url":"https:\/\/rzrfactory.com\/es\/historia","og_site_name":"RzR Factory","article_publisher":"https:\/\/www.facebook.com\/rzrfactory\/","article_modified_time":"2024-01-15T16:29:05+00:00","og_image":[{"url":"https:\/\/rzrfactory.com\/wp-content\/uploads\/2022\/03\/IMG_3034-copia-1024x768.jpg","type":"","width":"","height":""}],"twitter_card":"summary_large_image","twitter_title":"Historia de Ricardo Zamora Rojas | RzR Factory","twitter_description":"Un peque\u00f1o taller en medio del Oc\u00e9ano Atl\u00e1ntico que crea piezas de alto rendimiento para la comunidad Toyota ZZ de todo el mundo.","twitter_image":"https:\/\/rzrfactory.com\/wp-content\/uploads\/2022\/03\/IMG_3034-copia-1024x768.jpg","twitter_misc":{"Tiempo de lectura":"12 minutos"},"schema":{"@context":"https:\/\/schema.org","@graph":[{"@type":"WebPage","@id":"https:\/\/rzrfactory.com\/es\/historia","url":"https:\/\/rzrfactory.com\/es\/historia","name":"Historia de Ricardo Zamora Rojas | RzR Factory","isPartOf":{"@id":"https:\/\/rzrfactory.com\/es#website"},"primaryImageOfPage":{"@id":"https:\/\/rzrfactory.com\/es\/historia#primaryimage"},"image":{"@id":"https:\/\/rzrfactory.com\/es\/historia#primaryimage"},"thumbnailUrl":"https:\/\/rzrfactory.com\/wp-content\/uploads\/2022\/03\/IMG_3034-copia.jpg","datePublished":"2022-02-16T10:38:08+00:00","dateModified":"2024-01-15T16:29:05+00:00","description":"Un peque\u00f1o taller en medio del Oc\u00e9ano Atl\u00e1ntico que crea piezas de alto rendimiento para la comunidad Toyota ZZ de todo el mundo.","breadcrumb":{"@id":"https:\/\/rzrfactory.com\/es\/historia#breadcrumb"},"inLanguage":"es","potentialAction":[{"@type":"ReadAction","target":["https:\/\/rzrfactory.com\/es\/historia"]}]},{"@type":"ImageObject","inLanguage":"es","@id":"https:\/\/rzrfactory.com\/es\/historia#primaryimage","url":"https:\/\/rzrfactory.com\/wp-content\/uploads\/2022\/03\/IMG_3034-copia.jpg","contentUrl":"https:\/\/rzrfactory.com\/wp-content\/uploads\/2022\/03\/IMG_3034-copia.jpg","width":1920,"height":1440,"caption":"Tenerife Teide RzR"},{"@type":"BreadcrumbList","@id":"https:\/\/rzrfactory.com\/es\/historia#breadcrumb","itemListElement":[{"@type":"ListItem","position":1,"name":"Home","item":"https:\/\/rzrfactory.com\/es\/home"},{"@type":"ListItem","position":2,"name":"HISTORIA"}]},{"@type":"WebSite","@id":"https:\/\/rzrfactory.com\/es#website","url":"https:\/\/rzrfactory.com\/es","name":"RzR Factory","description":"RzR Performance makes shifters for Toyota Corolla, MR2, Celica, Vitz and Yaris.","publisher":{"@id":"https:\/\/rzrfactory.com\/es#organization"},"potentialAction":[{"@type":"SearchAction","target":{"@type":"EntryPoint","urlTemplate":"https:\/\/rzrfactory.com\/es?s={search_term_string}"},"query-input":{"@type":"PropertyValueSpecification","valueRequired":true,"valueName":"search_term_string"}}],"inLanguage":"es"},{"@type":"Organization","@id":"https:\/\/rzrfactory.com\/es#organization","name":"RzR Performance","url":"https:\/\/rzrfactory.com\/es","logo":{"@type":"ImageObject","inLanguage":"es","@id":"https:\/\/rzrfactory.com\/es#\/schema\/logo\/image\/","url":"https:\/\/rzrfactory.com\/wp-content\/uploads\/2022\/02\/RzR-Performance-Logo-400.png","contentUrl":"https:\/\/rzrfactory.com\/wp-content\/uploads\/2022\/02\/RzR-Performance-Logo-400.png","width":399,"height":195,"caption":"RzR Performance"},"image":{"@id":"https:\/\/rzrfactory.com\/es#\/schema\/logo\/image\/"},"sameAs":["https:\/\/www.facebook.com\/rzrfactory\/","https:\/\/www.instagram.com\/rzamorarojas\/"]}]}},"jetpack_sharing_enabled":true,"_links":{"self":[{"href":"https:\/\/rzrfactory.com\/es\/wp-json\/wp\/v2\/pages\/923","targetHints":{"allow":["GET"]}}],"collection":[{"href":"https:\/\/rzrfactory.com\/es\/wp-json\/wp\/v2\/pages"}],"about":[{"href":"https:\/\/rzrfactory.com\/es\/wp-json\/wp\/v2\/types\/page"}],"author":[{"embeddable":true,"href":"https:\/\/rzrfactory.com\/es\/wp-json\/wp\/v2\/users\/1"}],"replies":[{"embeddable":true,"href":"https:\/\/rzrfactory.com\/es\/wp-json\/wp\/v2\/comments?post=923"}],"version-history":[{"count":25,"href":"https:\/\/rzrfactory.com\/es\/wp-json\/wp\/v2\/pages\/923\/revisions"}],"predecessor-version":[{"id":1602,"href":"https:\/\/rzrfactory.com\/es\/wp-json\/wp\/v2\/pages\/923\/revisions\/1602"}],"wp:featuredmedia":[{"embeddable":true,"href":"https:\/\/rzrfactory.com\/es\/wp-json\/wp\/v2\/media\/860"}],"wp:attachment":[{"href":"https:\/\/rzrfactory.com\/es\/wp-json\/wp\/v2\/media?parent=923"}],"curies":[{"name":"wp","href":"https:\/\/api.w.org\/{rel}","templated":true}]}}