{"id":917,"date":"2022-03-02T13:35:10","date_gmt":"2022-03-02T13:35:10","guid":{"rendered":"https:\/\/rzrfactory.com\/palanca-de-cambios-rzr-para-otros-coches-toyota"},"modified":"2024-01-15T16:28:17","modified_gmt":"2024-01-15T16:28:17","slug":"palanca-de-cambios-rzr-para-otros-coches-toyota","status":"publish","type":"page","link":"https:\/\/rzrfactory.com\/es\/palanca-de-cambios-rzr-para-otros-coches-toyota","title":{"rendered":"Palanca de cambios RzR para otros coches toyota"},"content":{"rendered":"<div class=\"fusion-fullwidth fullwidth-box fusion-builder-row-1 fusion-flex-container nonhundred-percent-fullwidth non-hundred-percent-height-scrolling\" style=\"--awb-border-radius-top-left:0px;--awb-border-radius-top-right:0px;--awb-border-radius-bottom-right:0px;--awb-border-radius-bottom-left:0px;--awb-flex-wrap:wrap;\" ><div class=\"fusion-builder-row fusion-row fusion-flex-align-items-flex-start fusion-flex-content-wrap\" style=\"max-width:1144px;margin-left: calc(-4% \/ 2 );margin-right: calc(-4% \/ 2 );\"><div class=\"fusion-layout-column fusion_builder_column fusion-builder-column-0 fusion_builder_column_1_1 1_1 fusion-flex-column\" style=\"--awb-bg-size:cover;--awb-width-large:100%;--awb-margin-top-large:0px;--awb-spacing-right-large:1.92%;--awb-margin-bottom-large:20px;--awb-spacing-left-large:1.92%;--awb-width-medium:100%;--awb-order-medium:0;--awb-spacing-right-medium:1.92%;--awb-spacing-left-medium:1.92%;--awb-width-small:100%;--awb-order-small:0;--awb-spacing-right-small:1.92%;--awb-spacing-left-small:1.92%;\"><div class=\"fusion-column-wrapper fusion-column-has-shadow fusion-flex-justify-content-flex-start fusion-content-layout-column\"><div class=\"fusion-separator fusion-no-small-visibility fusion-no-medium-visibility fusion-full-width-sep\" style=\"align-self: center;margin-left: auto;margin-right: auto;margin-top:200px;width:100%;\"><\/div><div class=\"fusion-text fusion-text-1\" style=\"--awb-font-size:40px;--awb-line-height:48px;--awb-text-transform:none;--awb-text-font-family:&quot;Noto Sans&quot;;--awb-text-font-style:normal;--awb-text-font-weight:400;\"><h1 style=\"font-size: 38px;\" data-fusion-font=\"true\">Palanca de cambios RzR para otros coches toyota<\/h1>\n<\/div><div class=\"fusion-text fusion-text-2\" style=\"--awb-text-transform:none;\"><p>Desde el principio, hemos recibido solicitudes de personas que desean usar la palanca de cambios RzR en su proyecto Toyota para el cual no fabricamos.<\/p>\n<p>La mayor\u00eda de las veces es posible usar nuestra palanca de cambios para otros modelos de Toyota. Desde finales de los 80 hasta la d\u00e9cada de 2000, Toyota ha estado fabricando palancas de cambio con formas ligeramente diferentes, pero la mayor\u00eda de ellas son muy similares y compatibles. Tal vez tengas que hacer nuevos agujeros en el chasis para atornillarlo, o tenga que hacer un nuevo agujero en el piso\/cortafuegos para pasar los cables de la palanca de cambios, pero despu\u00e9s de eso, funcionar\u00e1. Es especialmente f\u00e1cil para coches de carreras que no tienen nada en el interior, pero tambi\u00e9n es posible modificar y recortar el pl\u00e1stico de la consola central, por ejemplo.<\/p>\n<p>As\u00ed que si est\u00e1s interesado en adquirir una de nuestras palancas de cambio para un coche Toyota que no tenemos en tienda y por el mismo precio (690\u20ac m\u00e1s env\u00edo), rellena el siguiente formulario y te responderemos lo antes posible. con una soluci\u00f3n.<\/p>\n<\/div><div class=\"fusion-form fusion-form-builder fusion-form-form-wrapper fusion-form-1585\" style=\"--awb-tooltip-text-color:#ffffff;--awb-tooltip-background-color:#333333;--awb-field-margin-top:5px;--awb-form-placeholder-color:hsla(var(--awb-color6-h),var(--awb-color6-s),var(--awb-color6-l),calc(var(--awb-color6-a) - 50%));--awb-form-text-color:var(--awb-color6);\" data-form-id=\"1585\" data-config=\"{&quot;form_id&quot;:1585,&quot;form_post_id&quot;:1585,&quot;post_id&quot;:917,&quot;form_type&quot;:&quot;ajax&quot;,&quot;confirmation_type&quot;:&quot;message&quot;,&quot;redirect_url&quot;:&quot;&quot;,&quot;redirect_timeout&quot;:&quot;0&quot;,&quot;field_labels&quot;:{&quot;first_name&quot;:&quot;&quot;,&quot;email_address&quot;:&quot;&quot;,&quot;message&quot;:&quot;&quot;,&quot;message_2&quot;:&quot;&quot;},&quot;field_logics&quot;:{&quot;first_name&quot;:&quot;&quot;,&quot;email_address&quot;:&quot;&quot;,&quot;message&quot;:&quot;&quot;,&quot;message_2&quot;:&quot;&quot;,&quot;submit_1&quot;:&quot;&quot;,&quot;notice_1&quot;:&quot;&quot;},&quot;field_types&quot;:{&quot;first_name&quot;:&quot;text&quot;,&quot;email_address&quot;:&quot;email&quot;,&quot;message&quot;:&quot;textarea&quot;,&quot;message_2&quot;:&quot;textarea&quot;,&quot;recaptcha_1&quot;:&quot;recaptcha&quot;,&quot;submit_1&quot;:&quot;submit&quot;,&quot;notice_1&quot;:&quot;notice&quot;},&quot;nonce_method&quot;:&quot;ajax&quot;,&quot;form_views&quot;:&quot;ajax&quot;,&quot;form_views_counting&quot;:&quot;all&quot;}\"><form action=\"https:\/\/rzrfactory.com\/es\/palanca-de-cambios-rzr-para-otros-coches-toyota\" method=\"post\" class=\"fusion-form fusion-form-1585\"><div class=\"fusion-fullwidth fullwidth-box fusion-builder-row-1-1 fusion-flex-container nonhundred-percent-fullwidth non-hundred-percent-height-scrolling\" style=\"--awb-border-radius-top-left:0px;--awb-border-radius-top-right:0px;--awb-border-radius-bottom-right:0px;--awb-border-radius-bottom-left:0px;--awb-flex-wrap:wrap;\" ><div class=\"fusion-builder-row fusion-row fusion-flex-align-items-flex-start fusion-flex-content-wrap\" style=\"width:104% !important;max-width:104% !important;margin-left: calc(-4% \/ 2 );margin-right: calc(-4% \/ 2 );\"><div class=\"fusion-layout-column fusion_builder_column fusion-builder-column-1 fusion_builder_column_1_1 1_1 fusion-flex-column\" style=\"--awb-bg-size:cover;--awb-width-large:100%;--awb-flex-grow:0;--awb-flex-shrink:0;--awb-margin-top-large:0px;--awb-spacing-right-large:1.92%;--awb-margin-bottom-large:20px;--awb-spacing-left-large:1.92%;--awb-width-medium:100%;--awb-order-medium:0;--awb-flex-grow-medium:0;--awb-flex-shrink-medium:0;--awb-spacing-right-medium:1.92%;--awb-spacing-left-medium:1.92%;--awb-width-small:100%;--awb-order-small:0;--awb-flex-grow-small:0;--awb-flex-shrink-small:0;--awb-spacing-right-small:1.92%;--awb-spacing-left-small:1.92%;\"><div class=\"fusion-column-wrapper fusion-column-has-shadow fusion-flex-justify-content-flex-start fusion-content-layout-column\"><div class=\"fusion-form-field fusion-form-text-field fusion-form-label-above\" style=\"\" data-form-id=\"1585\"><input type=\"text\" autocomplete=\"off\" name=\"first_name\" id=\"first_name\" value=\"\"  class=\"fusion-form-input\" required=\"true\" aria-required=\"true\" placeholder=\"\u00bfC\u00f3mo te llamas? *\" data-holds-private-data=\"false\" minlength=\"0\"\/><\/div><div class=\"fusion-form-field fusion-form-email-field fusion-form-label-above\" style=\"\" data-form-id=\"1585\"><input type=\"email\" autocomplete=\"off\" name=\"email_address\" id=\"email_address\" value=\"\"  class=\"fusion-form-input\" required=\"true\" aria-required=\"true\" placeholder=\"\u00bfD\u00f3nde podemos enviarle un correo electr\u00f3nico? *\" data-holds-private-data=\"false\"\/><\/div><div class=\"fusion-form-field fusion-form-textarea-field fusion-form-label-above\" style=\"\" data-form-id=\"1585\"><textarea cols=\"40\" autocomplete=\"off\"  minlength=\"0\"  rows=\"4\" tabindex=\"\" id=\"message\" name=\"message\" class=\"fusion-form-input\" required=\"true\" aria-required=\"true\" placeholder=\"\u00bfCu\u00e1l es tu modelo de toyota? *\" data-holds-private-data=\"false\"><\/textarea><\/div><div class=\"fusion-form-field fusion-form-textarea-field fusion-form-label-above\" style=\"\" data-form-id=\"1585\"><textarea cols=\"40\" autocomplete=\"off\"  minlength=\"0\"  rows=\"4\" tabindex=\"\" id=\"message_2\" name=\"message_2\" class=\"fusion-form-input\" required=\"true\" aria-required=\"true\" placeholder=\"Explique su proyecto de coche para que podamos ayudarlo con la configuraci\u00f3n de la palanca de cambios. *\" data-holds-private-data=\"false\"><\/textarea><\/div><div class=\"fusion-form-field fusion-form-recaptcha-field fusion-form-label-above\" style=\"\" data-form-id=\"1585\">\t\t\t\t<div class=\"form-creator-recaptcha\" >\n\t\t\t\t\t\t\t\t\t\t\t\t\t\t\t\t\t\t\t\t\t\t\t<div class=\"fusion-form-recaptcha-wrapper\">\n\t\t\t\t\t\t\t\t\t\t<div\n\t\t\t\t\t\t\tid=\"g-recaptcha-id-form-1585\"\n\t\t\t\t\t\t\tclass=\"fusion-form-recaptcha-v3 recaptcha-container \"\n\t\t\t\t\t\t\tdata-sitekey=\"6Ld9z2YfAAAAALCET2GLE0OERgcz4Eakvio4kqW2\"\n\t\t\t\t\t\t\tdata-badge=\"bottomleft\">\n\t\t\t\t\t\t<\/div>\n\t\t\t\t\t\t<input\n\t\t\t\t\t\t\ttype=\"hidden\"\n\t\t\t\t\t\t\tname=\"fusion-form-recaptcha-response\"\n\t\t\t\t\t\t\tclass=\"g-recaptcha-response\"\n\t\t\t\t\t\t\tid=\"fusion-form-recaptcha-response-1585\"\n\t\t\t\t\t\t\tvalue=\"\">\n\t\t\t\t\t\t\t\t\t<\/div>\n\t\t\t\t\t\t\t\t\t\t\t\t\t\t\t<\/div>\n\t\t\t\t<\/div><div class=\"fusion-text fusion-text-3\"><p><span style=\"color: #ff7575;\">Revisa la CARPETA DE SPAM despu\u00e9s de unos d\u00edas si no ves respuesta, por favor. Ricardo suele responder en un plazo de 24 horas. Otra forma de comunicarse con \u00e9l es enviarle un mensaje privado en Instagram o Facebook.<\/span><\/p>\n<\/div>\n<div class=\"fusion-form-field fusion-form-submit-field fusion-form-label-above\" style=\"\" data-form-id=\"1585\"><div ><button type=\"submit\" class=\"fusion-button button-flat fusion-button-default-size button-default fusion-button-default button-1 fusion-button-default-span  button-default form-form-submit\" data-form-number=\"1585\" tabindex=\"\"><span class=\"fusion-button-text awb-button__text awb-button__text--default\">ENVIALO<\/span><\/button><\/div><\/div><div class=\"form-submission-notices data-notice_1\" id=\"fusion-notices-1\"><div class=\"fusion-alert alert success alert-success fusion-alert-center fusion-form-response fusion-form-response-success awb-alert-native-link-color alert-dismissable awb-alert-close-boxed\" role=\"alert\"><div class=\"fusion-alert-content-wrapper\"><span class=\"alert-icon\"><i class=\"awb-icon-check-circle\" aria-hidden=\"true\"><\/i><\/span><span class=\"fusion-alert-content\">Gracias por tu mensaje. Ha sido enviado. Me pondr\u00e9 en contacto contigo lo m\u00e1s r\u00e1pido posible.<\/span><\/div><button type=\"button\" class=\"close toggle-alert\" data-dismiss=\"alert\" aria-label=\"Close\">&times;<\/button><\/div><div class=\"fusion-alert alert error alert-danger fusion-alert-center fusion-form-response fusion-form-response-error awb-alert-native-link-color alert-dismissable awb-alert-close-boxed\" role=\"alert\"><div class=\"fusion-alert-content-wrapper\"><span class=\"alert-icon\"><i class=\"awb-icon-exclamation-triangle\" aria-hidden=\"true\"><\/i><\/span><span class=\"fusion-alert-content\">Hubo un error al intentar enviar su mensaje. Int\u00e9ntalo de nuevo.<\/span><\/div><button type=\"button\" class=\"close toggle-alert\" data-dismiss=\"alert\" aria-label=\"Close\">&times;<\/button><\/div><\/div><\/div><\/div><\/div><\/div><input type=\"hidden\" name=\"fusion_privacy_store_ip_ua\" value=\"false\"><input type=\"hidden\" name=\"fusion_privacy_expiration_interval\" value=\"48\"><input type=\"hidden\" name=\"privacy_expiration_action\" value=\"anonymize\"><\/form><\/div><\/div><\/div><\/div><\/div>\n","protected":false},"excerpt":{"rendered":"","protected":false},"author":1,"featured_media":0,"parent":0,"menu_order":0,"comment_status":"closed","ping_status":"closed","template":"","meta":{"footnotes":""},"class_list":["post-917","page","type-page","status-publish","hentry"],"yoast_head":"<!-- This site is optimized with the Yoast SEO plugin v26.7 - https:\/\/yoast.com\/wordpress\/plugins\/seo\/ -->\n<title>Palanca de cambios RzR para coches Toyota | RzR Factory<\/title>\n<meta name=\"description\" content=\"Puede usar la palanca de cambios RzR para otros modelos de Toyota. Como Starlet, Glanza y Corolla AE92, especialmente si tiene un motor 2zz instalado.\" \/>\n<meta name=\"robots\" content=\"index, follow, max-snippet:-1, max-image-preview:large, max-video-preview:-1\" \/>\n<link rel=\"canonical\" href=\"https:\/\/rzrfactory.com\/es\/palanca-de-cambios-rzr-para-otros-coches-toyota\" \/>\n<meta property=\"og:locale\" content=\"es_ES\" \/>\n<meta property=\"og:type\" content=\"article\" \/>\n<meta property=\"og:title\" content=\"Palanca de cambios RzR para coches Toyota | RzR Factory\" \/>\n<meta property=\"og:description\" content=\"Puede usar la palanca de cambios RzR para otros modelos de Toyota. Como Starlet, Glanza y Corolla AE92, especialmente si tiene un motor 2zz instalado.\" \/>\n<meta property=\"og:url\" content=\"https:\/\/rzrfactory.com\/es\/palanca-de-cambios-rzr-para-otros-coches-toyota\" \/>\n<meta property=\"og:site_name\" content=\"RzR Factory\" \/>\n<meta property=\"article:publisher\" content=\"https:\/\/www.facebook.com\/rzrfactory\/\" \/>\n<meta property=\"article:modified_time\" content=\"2024-01-15T16:28:17+00:00\" \/>\n<meta property=\"og:image\" content=\"https:\/\/rzrfactory.com\/wp-content\/uploads\/2022\/03\/RzR_Shifter_MR2_Corolla_1920-4-1024x681.jpg\" \/>\n<meta name=\"twitter:card\" content=\"summary_large_image\" \/>\n<meta name=\"twitter:title\" content=\"Palanca de cambios RzR para coches Toyota | RzR Factory\" \/>\n<meta name=\"twitter:description\" content=\"Puede usar la palanca de cambios RzR para otros modelos de Toyota. Como Starlet, Glanza y Corolla AE92, especialmente si tiene un motor 2zz instalado.\" \/>\n<meta name=\"twitter:image\" content=\"https:\/\/rzrfactory.com\/wp-content\/uploads\/2022\/03\/RzR_Shifter_MR2_Corolla_1920-4-1024x681.jpg\" \/>\n<meta name=\"twitter:label1\" content=\"Tiempo de lectura\" \/>\n\t<meta name=\"twitter:data1\" content=\"3 minutos\" \/>\n<script type=\"application\/ld+json\" class=\"yoast-schema-graph\">{\"@context\":\"https:\/\/schema.org\",\"@graph\":[{\"@type\":\"WebPage\",\"@id\":\"https:\/\/rzrfactory.com\/es\/palanca-de-cambios-rzr-para-otros-coches-toyota\",\"url\":\"https:\/\/rzrfactory.com\/es\/palanca-de-cambios-rzr-para-otros-coches-toyota\",\"name\":\"Palanca de cambios RzR para coches Toyota | RzR Factory\",\"isPartOf\":{\"@id\":\"https:\/\/rzrfactory.com\/es#website\"},\"datePublished\":\"2022-03-02T13:35:10+00:00\",\"dateModified\":\"2024-01-15T16:28:17+00:00\",\"description\":\"Puede usar la palanca de cambios RzR para otros modelos de Toyota. Como Starlet, Glanza y Corolla AE92, especialmente si tiene un motor 2zz instalado.\",\"breadcrumb\":{\"@id\":\"https:\/\/rzrfactory.com\/es\/palanca-de-cambios-rzr-para-otros-coches-toyota#breadcrumb\"},\"inLanguage\":\"es\",\"potentialAction\":[{\"@type\":\"ReadAction\",\"target\":[\"https:\/\/rzrfactory.com\/es\/palanca-de-cambios-rzr-para-otros-coches-toyota\"]}]},{\"@type\":\"BreadcrumbList\",\"@id\":\"https:\/\/rzrfactory.com\/es\/palanca-de-cambios-rzr-para-otros-coches-toyota#breadcrumb\",\"itemListElement\":[{\"@type\":\"ListItem\",\"position\":1,\"name\":\"Home\",\"item\":\"https:\/\/rzrfactory.com\/es\/home\"},{\"@type\":\"ListItem\",\"position\":2,\"name\":\"Palanca de cambios RzR para otros coches toyota\"}]},{\"@type\":\"WebSite\",\"@id\":\"https:\/\/rzrfactory.com\/es#website\",\"url\":\"https:\/\/rzrfactory.com\/es\",\"name\":\"RzR Factory\",\"description\":\"RzR Performance makes shifters for Toyota Corolla, MR2, Celica, Vitz and Yaris.\",\"publisher\":{\"@id\":\"https:\/\/rzrfactory.com\/es#organization\"},\"potentialAction\":[{\"@type\":\"SearchAction\",\"target\":{\"@type\":\"EntryPoint\",\"urlTemplate\":\"https:\/\/rzrfactory.com\/es?s={search_term_string}\"},\"query-input\":{\"@type\":\"PropertyValueSpecification\",\"valueRequired\":true,\"valueName\":\"search_term_string\"}}],\"inLanguage\":\"es\"},{\"@type\":\"Organization\",\"@id\":\"https:\/\/rzrfactory.com\/es#organization\",\"name\":\"RzR Performance\",\"url\":\"https:\/\/rzrfactory.com\/es\",\"logo\":{\"@type\":\"ImageObject\",\"inLanguage\":\"es\",\"@id\":\"https:\/\/rzrfactory.com\/es#\/schema\/logo\/image\/\",\"url\":\"https:\/\/rzrfactory.com\/wp-content\/uploads\/2022\/02\/RzR-Performance-Logo-400.png\",\"contentUrl\":\"https:\/\/rzrfactory.com\/wp-content\/uploads\/2022\/02\/RzR-Performance-Logo-400.png\",\"width\":399,\"height\":195,\"caption\":\"RzR Performance\"},\"image\":{\"@id\":\"https:\/\/rzrfactory.com\/es#\/schema\/logo\/image\/\"},\"sameAs\":[\"https:\/\/www.facebook.com\/rzrfactory\/\",\"https:\/\/www.instagram.com\/rzamorarojas\/\"]}]}<\/script>\n<!-- \/ Yoast SEO plugin. -->","yoast_head_json":{"title":"Palanca de cambios RzR para coches Toyota | RzR Factory","description":"Puede usar la palanca de cambios RzR para otros modelos de Toyota. Como Starlet, Glanza y Corolla AE92, especialmente si tiene un motor 2zz instalado.","robots":{"index":"index","follow":"follow","max-snippet":"max-snippet:-1","max-image-preview":"max-image-preview:large","max-video-preview":"max-video-preview:-1"},"canonical":"https:\/\/rzrfactory.com\/es\/palanca-de-cambios-rzr-para-otros-coches-toyota","og_locale":"es_ES","og_type":"article","og_title":"Palanca de cambios RzR para coches Toyota | RzR Factory","og_description":"Puede usar la palanca de cambios RzR para otros modelos de Toyota. Como Starlet, Glanza y Corolla AE92, especialmente si tiene un motor 2zz instalado.","og_url":"https:\/\/rzrfactory.com\/es\/palanca-de-cambios-rzr-para-otros-coches-toyota","og_site_name":"RzR Factory","article_publisher":"https:\/\/www.facebook.com\/rzrfactory\/","article_modified_time":"2024-01-15T16:28:17+00:00","og_image":[{"url":"https:\/\/rzrfactory.com\/wp-content\/uploads\/2022\/03\/RzR_Shifter_MR2_Corolla_1920-4-1024x681.jpg","type":"","width":"","height":""}],"twitter_card":"summary_large_image","twitter_title":"Palanca de cambios RzR para coches Toyota | RzR Factory","twitter_description":"Puede usar la palanca de cambios RzR para otros modelos de Toyota. Como Starlet, Glanza y Corolla AE92, especialmente si tiene un motor 2zz instalado.","twitter_image":"https:\/\/rzrfactory.com\/wp-content\/uploads\/2022\/03\/RzR_Shifter_MR2_Corolla_1920-4-1024x681.jpg","twitter_misc":{"Tiempo de lectura":"3 minutos"},"schema":{"@context":"https:\/\/schema.org","@graph":[{"@type":"WebPage","@id":"https:\/\/rzrfactory.com\/es\/palanca-de-cambios-rzr-para-otros-coches-toyota","url":"https:\/\/rzrfactory.com\/es\/palanca-de-cambios-rzr-para-otros-coches-toyota","name":"Palanca de cambios RzR para coches Toyota | RzR Factory","isPartOf":{"@id":"https:\/\/rzrfactory.com\/es#website"},"datePublished":"2022-03-02T13:35:10+00:00","dateModified":"2024-01-15T16:28:17+00:00","description":"Puede usar la palanca de cambios RzR para otros modelos de Toyota. Como Starlet, Glanza y Corolla AE92, especialmente si tiene un motor 2zz instalado.","breadcrumb":{"@id":"https:\/\/rzrfactory.com\/es\/palanca-de-cambios-rzr-para-otros-coches-toyota#breadcrumb"},"inLanguage":"es","potentialAction":[{"@type":"ReadAction","target":["https:\/\/rzrfactory.com\/es\/palanca-de-cambios-rzr-para-otros-coches-toyota"]}]},{"@type":"BreadcrumbList","@id":"https:\/\/rzrfactory.com\/es\/palanca-de-cambios-rzr-para-otros-coches-toyota#breadcrumb","itemListElement":[{"@type":"ListItem","position":1,"name":"Home","item":"https:\/\/rzrfactory.com\/es\/home"},{"@type":"ListItem","position":2,"name":"Palanca de cambios RzR para otros coches toyota"}]},{"@type":"WebSite","@id":"https:\/\/rzrfactory.com\/es#website","url":"https:\/\/rzrfactory.com\/es","name":"RzR Factory","description":"RzR Performance makes shifters for Toyota Corolla, MR2, Celica, Vitz and Yaris.","publisher":{"@id":"https:\/\/rzrfactory.com\/es#organization"},"potentialAction":[{"@type":"SearchAction","target":{"@type":"EntryPoint","urlTemplate":"https:\/\/rzrfactory.com\/es?s={search_term_string}"},"query-input":{"@type":"PropertyValueSpecification","valueRequired":true,"valueName":"search_term_string"}}],"inLanguage":"es"},{"@type":"Organization","@id":"https:\/\/rzrfactory.com\/es#organization","name":"RzR Performance","url":"https:\/\/rzrfactory.com\/es","logo":{"@type":"ImageObject","inLanguage":"es","@id":"https:\/\/rzrfactory.com\/es#\/schema\/logo\/image\/","url":"https:\/\/rzrfactory.com\/wp-content\/uploads\/2022\/02\/RzR-Performance-Logo-400.png","contentUrl":"https:\/\/rzrfactory.com\/wp-content\/uploads\/2022\/02\/RzR-Performance-Logo-400.png","width":399,"height":195,"caption":"RzR Performance"},"image":{"@id":"https:\/\/rzrfactory.com\/es#\/schema\/logo\/image\/"},"sameAs":["https:\/\/www.facebook.com\/rzrfactory\/","https:\/\/www.instagram.com\/rzamorarojas\/"]}]}},"jetpack_sharing_enabled":true,"_links":{"self":[{"href":"https:\/\/rzrfactory.com\/es\/wp-json\/wp\/v2\/pages\/917","targetHints":{"allow":["GET"]}}],"collection":[{"href":"https:\/\/rzrfactory.com\/es\/wp-json\/wp\/v2\/pages"}],"about":[{"href":"https:\/\/rzrfactory.com\/es\/wp-json\/wp\/v2\/types\/page"}],"author":[{"embeddable":true,"href":"https:\/\/rzrfactory.com\/es\/wp-json\/wp\/v2\/users\/1"}],"replies":[{"embeddable":true,"href":"https:\/\/rzrfactory.com\/es\/wp-json\/wp\/v2\/comments?post=917"}],"version-history":[{"count":22,"href":"https:\/\/rzrfactory.com\/es\/wp-json\/wp\/v2\/pages\/917\/revisions"}],"predecessor-version":[{"id":1596,"href":"https:\/\/rzrfactory.com\/es\/wp-json\/wp\/v2\/pages\/917\/revisions\/1596"}],"wp:attachment":[{"href":"https:\/\/rzrfactory.com\/es\/wp-json\/wp\/v2\/media?parent=917"}],"curies":[{"name":"wp","href":"https:\/\/api.w.org\/{rel}","templated":true}]}}