{"id":1037,"date":"2022-02-16T13:11:56","date_gmt":"2022-02-16T13:11:56","guid":{"rendered":"https:\/\/rzrfactory.com\/envio-y-devolucion"},"modified":"2024-01-15T13:12:50","modified_gmt":"2024-01-15T13:12:50","slug":"envio-y-devolucion","status":"publish","type":"page","link":"https:\/\/rzrfactory.com\/es\/envio-y-devolucion","title":{"rendered":"ENV\u00cdO Y DEVOLUCI\u00d3N"},"content":{"rendered":"<div class=\"fusion-fullwidth fullwidth-box fusion-builder-row-1 fusion-flex-container nonhundred-percent-fullwidth non-hundred-percent-height-scrolling\" style=\"--awb-border-radius-top-left:0px;--awb-border-radius-top-right:0px;--awb-border-radius-bottom-right:0px;--awb-border-radius-bottom-left:0px;--awb-flex-wrap:wrap;\" ><div class=\"fusion-builder-row fusion-row fusion-flex-align-items-flex-start fusion-flex-content-wrap\" style=\"max-width:1144px;margin-left: calc(-4% \/ 2 );margin-right: calc(-4% \/ 2 );\"><div class=\"fusion-layout-column fusion_builder_column fusion-builder-column-0 fusion_builder_column_1_1 1_1 fusion-flex-column\" style=\"--awb-bg-size:cover;--awb-width-large:100%;--awb-margin-top-large:0px;--awb-spacing-right-large:1.92%;--awb-margin-bottom-large:20px;--awb-spacing-left-large:1.92%;--awb-width-medium:100%;--awb-order-medium:0;--awb-spacing-right-medium:1.92%;--awb-spacing-left-medium:1.92%;--awb-width-small:100%;--awb-order-small:0;--awb-spacing-right-small:1.92%;--awb-spacing-left-small:1.92%;\"><div class=\"fusion-column-wrapper fusion-column-has-shadow fusion-flex-justify-content-flex-start fusion-content-layout-column\"><div class=\"fusion-separator fusion-no-small-visibility fusion-no-medium-visibility fusion-full-width-sep\" style=\"align-self: center;margin-left: auto;margin-right: auto;margin-top:150px;width:100%;\"><\/div><div class=\"fusion-text fusion-text-1\" style=\"--awb-font-size:50px;--awb-line-height:65px;--awb-text-transform:none;--awb-text-color:var(--awb-color6);--awb-text-font-family:&quot;Noto Sans&quot;;--awb-text-font-style:normal;--awb-text-font-weight:600;\"><p style=\"text-align: center;\">Env\u00edos y devoluciones<\/p>\n<\/div><div class=\"fusion-text fusion-text-2 fusion-text-no-margin\" style=\"--awb-font-size:30px;--awb-line-height:40px;--awb-text-transform:none;--awb-margin-bottom:0px;--awb-text-font-family:&quot;Noto Sans&quot;;--awb-text-font-style:normal;--awb-text-font-weight:400;\"><p>Opciones de entrega y cargos<\/p>\n<\/div><div class=\"fusion-text fusion-text-3\" style=\"--awb-text-transform:none;\"><p>Para env\u00edos nacionales e internacionales utilizamos Correos Espa\u00f1a, legalmente llamada \u00abSociedad Estatal Correos y Tel\u00e9grafos, S.A., S.M.E.\u00bb Por lo tanto, cuando la mercanc\u00eda llega a tu pa\u00eds, la empresa que te va a entregar el paquete es tu Servicio de Correos nacional (local). Aqu\u00ed escribimos algunos ejemplos en los pa\u00edses m\u00e1s comunes: USPS en los Estados Unidos, Royal Mail en el Reino Unido, DHL en Alemania, Correos en Espa\u00f1a, etc.<\/p>\n<p><strong>El coste del env\u00edo se mostrar\u00e1 en la p\u00e1gina de pago, antes de pagar los productos.<\/strong><\/p>\n<p>Si por alg\u00fan motivo necesitas el producto lo antes posible o prefieres que te lo enviemos por otro servicio de mensajer\u00eda urgente, ponte en <a href=\"http:\/\/rzrfactory.com\/contact-us\">contacto<\/a> con nosotros y estaremos encantados de ayudarte.<\/p>\n<\/div><div class=\"fusion-text fusion-text-4 fusion-text-no-margin\" style=\"--awb-font-size:30px;--awb-line-height:40px;--awb-text-transform:none;--awb-margin-bottom:0px;--awb-text-font-family:&quot;Noto Sans&quot;;--awb-text-font-style:normal;--awb-text-font-weight:400;\"><p>\u00bfC\u00f3mo es el proceso de entrega?<\/p>\n<\/div><div class=\"fusion-text fusion-text-5\" style=\"--awb-text-transform:none;\"><p>En general, tan pronto como realice el pedido y reciba un correo electr\u00f3nico de confirmaci\u00f3n, tenemos la intenci\u00f3n de enviarlo dentro de uno o dos d\u00edas h\u00e1biles. Luego, recibir\u00e1 un correo electr\u00f3nico de notificaci\u00f3n de env\u00edo con un n\u00famero de seguimiento de mensajer\u00eda que le permitir\u00e1 seguir su entrega.<\/p>\n<p><strong>En caso de que hagas un pedido de un art\u00edculo personalizable, como las palancas de cambios, comenzamos con el proceso de personalizaci\u00f3n y te mantendremos informado durante todo el proceso. El primer paso es hacer la insignia personalizada con el n\u00famero de serie y el nombre que elijas. El segundo paso es tomar algunas fotos de su propio art\u00edculo, crear la etiqueta de env\u00edo y enviarle las fotos y el enlace de seguimiento a su correo electr\u00f3nico. Para continuar con el proceso, lo empaquetaremos y lo enviamos al siguiente d\u00eda h\u00e1bil. Para este proceso perm\u00edtanos entre 2 a 3 d\u00edas desde el momento en que lo pide hasta el momento en que le entregamos el paquete al mensajero.<\/strong><\/p>\n<p>Si han pasado varios d\u00edas h\u00e1biles desde que recibi\u00f3 la confirmaci\u00f3n de su pedido, o si no recibi\u00f3 la confirmaci\u00f3n del pedido, comun\u00edquese con nosotros.<\/p>\n<\/div><div class=\"fusion-text fusion-text-6 fusion-text-no-margin\" style=\"--awb-font-size:30px;--awb-line-height:40px;--awb-text-transform:none;--awb-margin-bottom:0px;--awb-text-font-family:&quot;Noto Sans&quot;;--awb-text-font-style:normal;--awb-text-font-weight:400;\"><p>Tiempos de entrega<\/p>\n<\/div><div class=\"fusion-text fusion-text-7\" style=\"--awb-text-transform:none;\"><p>El plazo de entrega para pedidos dentro de Canarias es de 3 a 7 d\u00edas. Espa\u00f1a Peninsular es de 7 a 15 d\u00edas. Pa\u00edses dentro de la Uni\u00f3n Europea entre 20 a 30 d\u00edas. Am\u00e9rica es entre 20 a 30 d\u00edas. Asia\/Ocean\u00eda entre 20 a 35 d\u00edas.<\/p>\n<p>Tenga en cuenta que durante un per\u00edodo de demanda excepcional, puede haber alg\u00fan retraso en los tiempos que se muestra arriba. Nos esforzamos por minimizar los retrasos y lo mantendremos informado si sucede algo.<\/p>\n<\/div><div class=\"fusion-text fusion-text-8 fusion-text-no-margin\" style=\"--awb-font-size:30px;--awb-line-height:40px;--awb-text-transform:none;--awb-margin-bottom:0px;--awb-text-font-family:&quot;Noto Sans&quot;;--awb-text-font-style:normal;--awb-text-font-weight:400;\"><p>Impuestos y aduanas<\/p>\n<\/div><div class=\"fusion-text fusion-text-9\" style=\"--awb-text-transform:none;\"><p><strong>Todos los precios indicados para los productos y servicios disponibles a trav\u00e9s de www.rzrfactory.com est\u00e1n excluidos del IVA.<\/strong><\/p>\n<p><strong>Para TODOS los pedidos, la factura estar\u00e1 excluida del IVA (impuestos) porque estamos ubicados en las Islas Canarias, Espa\u00f1a.<\/strong><\/p>\n<p><em>Canarias no forma parte del territorio comunitario a efectos del IVA (Article 6 of <a href=\"https:\/\/eur-lex.europa.eu\/legal-content\/EN\/ALL\/?uri=CELEX:32006L0112\">VAT Directive<\/a>).<\/em><\/p>\n<p><em>Las normas armonizadas en materia de IVA no se aplican a Canarias y la aplicaci\u00f3n de los impuestos sobre el volumen de negocios es competencia de las autoridades nacionales o locales sujetas al respeto de los principios generales del Tratado de Funcionamiento de la Uni\u00f3n Europea y, en particular, a la ausencia de discriminaci\u00f3n en la tributaci\u00f3n de los productos.<\/em><\/p>\n<p><em>El IVA no existe en las Islas Canarias, pero existe un impuesto al consumo local conocido como IGIC (Impuesto General Indirecto de Canarias &#8211; Impuesto General Indirecto de Canarias) que se aplica a varias tasas diferentes. Tambi\u00e9n existe otro impuesto al consumidor conocido como AIEM, que se analiza a continuaci\u00f3n.<\/em><\/p>\n<p><strong>Esto significa que cuando compras en nuestra tienda online no le cobramos el IVA. En cambio, el servicio de mensajer\u00eda de su pais puede cobrarle el IVA.<\/strong><\/p>\n<p>Declararemos el valor antes de impuestos del paquete en EUR, y el destinatario ser\u00e1 responsable de los aranceles y otros cargos que puedan adeudarse. Tenga en cuenta que las pol\u00edticas aduaneras var\u00edan de un pa\u00eds a otro y, por lo tanto, para que quede absolutamente claro, le recomendamos que se comunique con su oficina de aduanas local para obtener m\u00e1s informaci\u00f3n.<\/p>\n<p>Tenga en cuenta que, ocasionalmente, los env\u00edos internacionales est\u00e1n sujetos a inspecciones transfronterizas por parte de las autoridades aduaneras, lo que puede generar cargos adicionales.<\/p>\n<\/div><div class=\"fusion-text fusion-text-10 fusion-text-no-margin\" style=\"--awb-font-size:30px;--awb-line-height:40px;--awb-text-transform:none;--awb-margin-bottom:0px;--awb-text-font-family:&quot;Noto Sans&quot;;--awb-text-font-style:normal;--awb-text-font-weight:400;\"><p>Devoluciones<\/p>\n<\/div><div class=\"fusion-text fusion-text-11\" style=\"--awb-text-transform:none;\"><p>Si su art\u00edculo est\u00e1 dentro de los 15 d\u00edas posteriores a la recepci\u00f3n y en perfectas condiciones, puede devolv\u00e9rnoslo para un reemplazo o un reembolso. Tenga en cuenta que si el art\u00edculo no es defectuoso, el cliente asumir\u00e1 los gastos de env\u00edo de la devoluci\u00f3n.<\/p>\n<p>Una vez que haya recibido el art\u00edculo, puede devolverlo utilizando su servicio postal nacional, asegur\u00e1ndose de utilizar un servicio rastreable, y le reembolsaremos el coste el art\u00edculo.<\/p>\n<p><a href=\"http:\/\/rzrfactory.com\/contact-us\">P\u00f3ngase en contacto<\/a> con nosotros antes de devolver el art\u00edculo.<\/p>\n<p>Nos comunicaremos con usted cuando recibamos su art\u00edculo y lo mantendremos informado sobre el progreso de su solicitud.<\/p>\n<\/div><\/div><\/div><\/div><\/div>\n","protected":false},"excerpt":{"rendered":"","protected":false},"author":1,"featured_media":0,"parent":0,"menu_order":0,"comment_status":"closed","ping_status":"closed","template":"","meta":{"footnotes":""},"class_list":["post-1037","page","type-page","status-publish","hentry"],"yoast_head":"<!-- This site is optimized with the Yoast SEO plugin v26.7 - https:\/\/yoast.com\/wordpress\/plugins\/seo\/ -->\n<title>ENV\u00cdO Y DEVOLUCI\u00d3N<\/title>\n<meta name=\"description\" content=\"Descubra nuestras opciones de entrega, proceso de env\u00edo y pol\u00edtica de devoluciones en RZR Factory. Entrega segura y eficiente en todo el mundo.\" \/>\n<meta name=\"robots\" content=\"noindex, follow\" \/>\n<meta property=\"og:locale\" content=\"es_ES\" \/>\n<meta property=\"og:type\" content=\"article\" \/>\n<meta property=\"og:title\" content=\"ENV\u00cdO Y DEVOLUCI\u00d3N\" \/>\n<meta property=\"og:description\" content=\"Descubra nuestras opciones de entrega, proceso de env\u00edo y pol\u00edtica de devoluciones en RZR Factory. Entrega segura y eficiente en todo el mundo.\" \/>\n<meta property=\"og:url\" content=\"https:\/\/rzrfactory.com\/es\/envio-y-devolucion\" \/>\n<meta property=\"og:site_name\" content=\"RzR Factory\" \/>\n<meta property=\"article:publisher\" content=\"https:\/\/www.facebook.com\/rzrfactory\/\" \/>\n<meta property=\"article:modified_time\" content=\"2024-01-15T13:12:50+00:00\" \/>\n<meta name=\"twitter:card\" content=\"summary_large_image\" \/>\n<meta name=\"twitter:label1\" content=\"Tiempo de lectura\" \/>\n\t<meta name=\"twitter:data1\" content=\"12 minutos\" \/>\n<script type=\"application\/ld+json\" class=\"yoast-schema-graph\">{\"@context\":\"https:\/\/schema.org\",\"@graph\":[{\"@type\":\"WebPage\",\"@id\":\"https:\/\/rzrfactory.com\/es\/envio-y-devolucion\",\"url\":\"https:\/\/rzrfactory.com\/es\/envio-y-devolucion\",\"name\":\"ENV\u00cdO Y DEVOLUCI\u00d3N\",\"isPartOf\":{\"@id\":\"https:\/\/rzrfactory.com\/es#website\"},\"datePublished\":\"2022-02-16T13:11:56+00:00\",\"dateModified\":\"2024-01-15T13:12:50+00:00\",\"description\":\"Descubra nuestras opciones de entrega, proceso de env\u00edo y pol\u00edtica de devoluciones en RZR Factory. Entrega segura y eficiente en todo el mundo.\",\"breadcrumb\":{\"@id\":\"https:\/\/rzrfactory.com\/es\/envio-y-devolucion#breadcrumb\"},\"inLanguage\":\"es\",\"potentialAction\":[{\"@type\":\"ReadAction\",\"target\":[\"https:\/\/rzrfactory.com\/es\/envio-y-devolucion\"]}]},{\"@type\":\"BreadcrumbList\",\"@id\":\"https:\/\/rzrfactory.com\/es\/envio-y-devolucion#breadcrumb\",\"itemListElement\":[{\"@type\":\"ListItem\",\"position\":1,\"name\":\"Home\",\"item\":\"https:\/\/rzrfactory.com\/es\/home\"},{\"@type\":\"ListItem\",\"position\":2,\"name\":\"ENV\u00cdO Y DEVOLUCI\u00d3N\"}]},{\"@type\":\"WebSite\",\"@id\":\"https:\/\/rzrfactory.com\/es#website\",\"url\":\"https:\/\/rzrfactory.com\/es\",\"name\":\"RzR Factory\",\"description\":\"RzR Performance makes shifters for Toyota Corolla, MR2, Celica, Vitz and Yaris.\",\"publisher\":{\"@id\":\"https:\/\/rzrfactory.com\/es#organization\"},\"potentialAction\":[{\"@type\":\"SearchAction\",\"target\":{\"@type\":\"EntryPoint\",\"urlTemplate\":\"https:\/\/rzrfactory.com\/es?s={search_term_string}\"},\"query-input\":{\"@type\":\"PropertyValueSpecification\",\"valueRequired\":true,\"valueName\":\"search_term_string\"}}],\"inLanguage\":\"es\"},{\"@type\":\"Organization\",\"@id\":\"https:\/\/rzrfactory.com\/es#organization\",\"name\":\"RzR Performance\",\"url\":\"https:\/\/rzrfactory.com\/es\",\"logo\":{\"@type\":\"ImageObject\",\"inLanguage\":\"es\",\"@id\":\"https:\/\/rzrfactory.com\/es#\/schema\/logo\/image\/\",\"url\":\"https:\/\/rzrfactory.com\/wp-content\/uploads\/2022\/02\/RzR-Performance-Logo-400.png\",\"contentUrl\":\"https:\/\/rzrfactory.com\/wp-content\/uploads\/2022\/02\/RzR-Performance-Logo-400.png\",\"width\":399,\"height\":195,\"caption\":\"RzR Performance\"},\"image\":{\"@id\":\"https:\/\/rzrfactory.com\/es#\/schema\/logo\/image\/\"},\"sameAs\":[\"https:\/\/www.facebook.com\/rzrfactory\/\",\"https:\/\/www.instagram.com\/rzamorarojas\/\"]}]}<\/script>\n<!-- \/ Yoast SEO plugin. -->","yoast_head_json":{"title":"ENV\u00cdO Y DEVOLUCI\u00d3N","description":"Descubra nuestras opciones de entrega, proceso de env\u00edo y pol\u00edtica de devoluciones en RZR Factory. Entrega segura y eficiente en todo el mundo.","robots":{"index":"noindex","follow":"follow"},"og_locale":"es_ES","og_type":"article","og_title":"ENV\u00cdO Y DEVOLUCI\u00d3N","og_description":"Descubra nuestras opciones de entrega, proceso de env\u00edo y pol\u00edtica de devoluciones en RZR Factory. Entrega segura y eficiente en todo el mundo.","og_url":"https:\/\/rzrfactory.com\/es\/envio-y-devolucion","og_site_name":"RzR Factory","article_publisher":"https:\/\/www.facebook.com\/rzrfactory\/","article_modified_time":"2024-01-15T13:12:50+00:00","twitter_card":"summary_large_image","twitter_misc":{"Tiempo de lectura":"12 minutos"},"schema":{"@context":"https:\/\/schema.org","@graph":[{"@type":"WebPage","@id":"https:\/\/rzrfactory.com\/es\/envio-y-devolucion","url":"https:\/\/rzrfactory.com\/es\/envio-y-devolucion","name":"ENV\u00cdO Y DEVOLUCI\u00d3N","isPartOf":{"@id":"https:\/\/rzrfactory.com\/es#website"},"datePublished":"2022-02-16T13:11:56+00:00","dateModified":"2024-01-15T13:12:50+00:00","description":"Descubra nuestras opciones de entrega, proceso de env\u00edo y pol\u00edtica de devoluciones en RZR Factory. Entrega segura y eficiente en todo el mundo.","breadcrumb":{"@id":"https:\/\/rzrfactory.com\/es\/envio-y-devolucion#breadcrumb"},"inLanguage":"es","potentialAction":[{"@type":"ReadAction","target":["https:\/\/rzrfactory.com\/es\/envio-y-devolucion"]}]},{"@type":"BreadcrumbList","@id":"https:\/\/rzrfactory.com\/es\/envio-y-devolucion#breadcrumb","itemListElement":[{"@type":"ListItem","position":1,"name":"Home","item":"https:\/\/rzrfactory.com\/es\/home"},{"@type":"ListItem","position":2,"name":"ENV\u00cdO Y DEVOLUCI\u00d3N"}]},{"@type":"WebSite","@id":"https:\/\/rzrfactory.com\/es#website","url":"https:\/\/rzrfactory.com\/es","name":"RzR Factory","description":"RzR Performance makes shifters for Toyota Corolla, MR2, Celica, Vitz and Yaris.","publisher":{"@id":"https:\/\/rzrfactory.com\/es#organization"},"potentialAction":[{"@type":"SearchAction","target":{"@type":"EntryPoint","urlTemplate":"https:\/\/rzrfactory.com\/es?s={search_term_string}"},"query-input":{"@type":"PropertyValueSpecification","valueRequired":true,"valueName":"search_term_string"}}],"inLanguage":"es"},{"@type":"Organization","@id":"https:\/\/rzrfactory.com\/es#organization","name":"RzR Performance","url":"https:\/\/rzrfactory.com\/es","logo":{"@type":"ImageObject","inLanguage":"es","@id":"https:\/\/rzrfactory.com\/es#\/schema\/logo\/image\/","url":"https:\/\/rzrfactory.com\/wp-content\/uploads\/2022\/02\/RzR-Performance-Logo-400.png","contentUrl":"https:\/\/rzrfactory.com\/wp-content\/uploads\/2022\/02\/RzR-Performance-Logo-400.png","width":399,"height":195,"caption":"RzR Performance"},"image":{"@id":"https:\/\/rzrfactory.com\/es#\/schema\/logo\/image\/"},"sameAs":["https:\/\/www.facebook.com\/rzrfactory\/","https:\/\/www.instagram.com\/rzamorarojas\/"]}]}},"jetpack_sharing_enabled":true,"_links":{"self":[{"href":"https:\/\/rzrfactory.com\/es\/wp-json\/wp\/v2\/pages\/1037","targetHints":{"allow":["GET"]}}],"collection":[{"href":"https:\/\/rzrfactory.com\/es\/wp-json\/wp\/v2\/pages"}],"about":[{"href":"https:\/\/rzrfactory.com\/es\/wp-json\/wp\/v2\/types\/page"}],"author":[{"embeddable":true,"href":"https:\/\/rzrfactory.com\/es\/wp-json\/wp\/v2\/users\/1"}],"replies":[{"embeddable":true,"href":"https:\/\/rzrfactory.com\/es\/wp-json\/wp\/v2\/comments?post=1037"}],"version-history":[{"count":16,"href":"https:\/\/rzrfactory.com\/es\/wp-json\/wp\/v2\/pages\/1037\/revisions"}],"predecessor-version":[{"id":1537,"href":"https:\/\/rzrfactory.com\/es\/wp-json\/wp\/v2\/pages\/1037\/revisions\/1537"}],"wp:attachment":[{"href":"https:\/\/rzrfactory.com\/es\/wp-json\/wp\/v2\/media?parent=1037"}],"curies":[{"name":"wp","href":"https:\/\/api.w.org\/{rel}","templated":true}]}}